 {"id":1092,"date":"2018-05-12T03:55:04","date_gmt":"2018-05-12T06:55:04","guid":{"rendered":"https:\/\/revescor.com.br\/site\/?post_type=product&#038;p=1092"},"modified":"2018-06-12T13:32:22","modified_gmt":"2018-06-12T16:32:22","slug":"eco-thermo-isolante-termico-externo-com-micro-esferas-de-ceramica","status":"publish","type":"product","link":"https:\/\/revescor.com.br\/site\/produto\/impermeabilizantes\/eco-thermo-isolante-termico-externo-com-micro-esferas-de-ceramica\/","title":{"rendered":"Eco-Thermo &#8211; Isolante T\u00e9rmico Externo com Micro-Esferas de Cer\u00e2mica"},"content":{"rendered":"<h4>FINALIDADE<\/h4>\n<p style=\"padding-left: 30px;\">O isolante t\u00e9rmico \u00e9 indicado para \u00e0s \u00e1reas; comercial, industrial e residencial, com destaque para isolamento t\u00e9rmico externo de telhados met\u00e1licos, fibrocimento, ou pr\u00e9-moldados de concretos (novos ou velhos), paredes com grande incid\u00eancia de raios solares, reservat\u00f3rios de armazenamento de \u00e1lcool e produtos vol\u00e1teis, silos, galp\u00f5es de estocagem e armazenagem de gr\u00e3os.<\/p>\n<p>&nbsp;<\/p>\n<h4>MICRO ESFERAS DE CER\u00c2MICA<\/h4>\n<p style=\"padding-left: 30px;\">S\u00e3o esferas s\u00f3lidas de pequeno tamanho de part\u00edcula e alta resist\u00eancia \u00e0 compress\u00e3o. Sua composi\u00e7\u00e3o de cer\u00e2mica e silicato de alum\u00ednio proporciona ao material estabilidade qu\u00edmica e alta resist\u00eancia.<\/p>\n<p style=\"padding-left: 30px;\">A caracter\u00edstica inerte do produto, combinada com sua propriedade de dureza, faz com que o filme aplicado se torne uma prote\u00e7\u00e3o contra as a\u00e7\u00f5es qu\u00edmicas e corrosivas, e tamb\u00e9m um fen\u00f4meno conhecido como \u201cefeito de barreira\u201d, que impede a passagem do calor.<\/p>\n<p>&nbsp;<\/p>\n<h4>CARACTER\u00cdSTICAS<\/h4>\n<p style=\"padding-left: 30px;\">\u2022 Alta refletividade;<br \/>\n\u2022 Alta emissividade;<br \/>\n\u2022 Baixo valor de condutibilidade t\u00e9rmica;<br \/>\n\u2022 Alto n\u00edvel de s\u00f3lidos e micro-esferas de cer\u00e2mica;<br \/>\n\u2022 Altamente flex\u00edvel;<br \/>\n\u2022 Grande ader\u00eancia aos substratos;<br \/>\n\u2022 N\u00e3o combust\u00edvel;<br \/>\n\u2022 Resistente \u00e0 abras\u00e3o<br \/>\n\u2022 N\u00e3o forma bolhas na aplica\u00e7\u00e3o;<br \/>\n\u2022 Resistente ao impacto;<br \/>\n\u2022 Imperme\u00e1vel \u00e0 \u00e1gua;<br \/>\n\u2022 Resistente a fungos e bact\u00e9rias.<\/p>\n<p>&nbsp;<\/p>\n<h4>VANTAGENS DO ISOLANTE<\/h4>\n<p style=\"padding-left: 30px;\">\u2022 Redu\u00e7\u00e3o do custo de manuten\u00e7\u00e3o do telhado;<br \/>\n\u2022 Reduz o consumo mensal de energia com o uso de condicionador de ar, devido \u00e0 alta reflet\u00e2ncia aos raios solares (90%);<br \/>\n\u2022 Reduz at\u00e9 30% do calor gerado pelos raios solares, nos ambientes internos;<br \/>\n\u2022 N\u00e3o agride o meio ambiente;<br \/>\n\u2022 N\u00e3o cancer\u00edgeno;<br \/>\n\u2022 Pode ser aplicado em diversos tipos de telhados.<\/p>\n<p style=\"padding-left: 30px;\">ELASTOCRIL por ser uma tinta refletiva, \u00e9 mais eficiente que outros tipos de telhas (tipo sanduiche, com l\u00e3 de vidro ou poliuretano, manta asf\u00e1ltica aluminizada).<\/p>\n<p>&nbsp;<\/p>\n<h4>PREPARA\u00c7\u00c3O DO SUBSTRATO<\/h4>\n<p style=\"padding-left: 30px;\">\u2022 A superf\u00edcie deve estar limpa, isenta de part\u00edculas soltas, graxas e gordura;<br \/>\n\u2022 Onde a superf\u00edcie estiver enferrujada, aplicar inibidor de ferrugem;<br \/>\n\u2022 Calafetar as juntas (emendas de telhas), parafusos, pinos de fixa\u00e7\u00e3o com ECO THERMO \u2013 Borracha Liquida;<br \/>\n\u2022 Vedar pequenos furos, ou trincas com ECO THERMO \u2013 Borracha Liquida.<\/p>\n<p>&nbsp;<\/p>\n<h4>PRECAU\u00c7\u00d5ES<\/h4>\n<p style=\"padding-left: 30px;\">\u2022 N\u00e3o aplicar com tempo sujeito a chuvas;<br \/>\n\u2022 A superf\u00edcie a receber o isolante t\u00e9rmico ECO THERMO deve estar totalmente seca.<\/p>\n<p>&nbsp;<\/p>\n<h4>CONSUMO ESTIMADO<\/h4>\n<p style=\"padding-left: 30px;\">\u2022 Cobertura de fibrocimento ou concreto: 0,7 kg \/ m\u00b2;<br \/>\n\u2022 Cobertura met\u00e1lica: 0,6 kg \/ m\u00b2.<\/p>\n<p style=\"padding-left: 30px;\">Ap\u00f3s a aplica\u00e7\u00e3o de duas dem\u00e3os, se obter\u00e1 uma membrana seca de 500 m\u00edcron (quando aplicado com bomba airless).<\/p>\n<p>&nbsp;<\/p>\n<h4>INFORMA\u00c7\u00d5ES ADICIONAIS<\/h4>\n<p style=\"padding-left: 30px;\">Nossa assessoria t\u00e9cnica \u00e9 concedida de boa f\u00e9 sem implicar em qualquer garantia, inclusive no que se referem os direitos de terceiros. A referida assessoria n\u00e3o exime o cliente da avalia\u00e7\u00e3o, atrav\u00e9s de testes de adequa\u00e7\u00e3o do produto fornecido, para o uso e processamento desejados.<\/p>\n<p style=\"padding-left: 30px;\">A aplica\u00e7\u00e3o, uso e processamento dos produtos est\u00e3o fora do nosso controle e s\u00e3o, portanto de inteira responsabilidade do cliente. Garantimos, naturalmente, a qualidade dos nossos produtos dentro das nossas condi\u00e7\u00f5es gerais de venda e de limites de especifica\u00e7\u00e3o informados.<\/p>\n<p style=\"padding-left: 30px;\">A garantia se d\u00e1 quando os produtos forem por n\u00f3s aplicados, atrav\u00e9s de certificado de garantia dos servi\u00e7os.<\/p>\n","protected":false},"excerpt":{"rendered":"<p>\u00c9 um avan\u00e7ado sistema que protege o telhado contra ataques de raios UV e Infravermelhos. \u00c9 uma tinta de isolamento t\u00e9rmico a base de pol\u00edmeros elast\u00f4meros, de acr\u00edlico puro e micro-esferas de cer\u00e2mica de grande durabilidade e resistente ao intemperismo.<\/p>\n<p>N\u00e3o cont\u00e9m agentes plastificadores ou qu\u00edmicos que causem o endurecimento da pel\u00edcula. \u00c9 um excelente isolante t\u00e9rmico de coberturas, devido ao seu alto \u00edndice de reflet\u00e2ncia dos raios solares.<\/p>\n<p><strong class=\"barrica\">Unidade &#8211; Balde com 18 Litros.<\/strong><\/p>\n","protected":false},"featured_media":1095,"comment_status":"open","ping_status":"closed","template":"","meta":{"ocean_post_layout":"right-sidebar","ocean_both_sidebars_style":"","ocean_both_sidebars_content_width":0,"ocean_both_sidebars_sidebars_width":0,"ocean_sidebar":"ocs-menu-loja","ocean_second_sidebar":"0","ocean_disable_margins":"on","ocean_add_body_class":"","ocean_shortcode_before_top_bar":"","ocean_shortcode_after_top_bar":"","ocean_shortcode_before_header":"","ocean_shortcode_after_header":"","ocean_has_shortcode":"","ocean_shortcode_after_title":"","ocean_shortcode_before_footer_widgets":"","ocean_shortcode_after_footer_widgets":"","ocean_shortcode_before_footer_bottom":"","ocean_shortcode_after_footer_bottom":"","ocean_display_top_bar":"off","ocean_display_header":"default","ocean_header_style":"","ocean_center_header_left_menu":"0","ocean_custom_header_template":"0","ocean_custom_logo":0,"ocean_custom_retina_logo":0,"ocean_custom_logo_max_width":0,"ocean_custom_logo_tablet_max_width":0,"ocean_custom_logo_mobile_max_width":0,"ocean_custom_logo_max_height":0,"ocean_custom_logo_tablet_max_height":0,"ocean_custom_logo_mobile_max_height":0,"ocean_header_custom_menu":"0","ocean_menu_typo_font_family":"0","ocean_menu_typo_font_subset":"","ocean_menu_typo_font_size":0,"ocean_menu_typo_font_size_tablet":0,"ocean_menu_typo_font_size_mobile":0,"ocean_menu_typo_font_size_unit":"px","ocean_menu_typo_font_weight":"","ocean_menu_typo_font_weight_tablet":"","ocean_menu_typo_font_weight_mobile":"","ocean_menu_typo_transform":"","ocean_menu_typo_transform_tablet":"","ocean_menu_typo_transform_mobile":"","ocean_menu_typo_line_height":0,"ocean_menu_typo_line_height_tablet":0,"ocean_menu_typo_line_height_mobile":0,"ocean_menu_typo_line_height_unit":"","ocean_menu_typo_spacing":0,"ocean_menu_typo_spacing_tablet":0,"ocean_menu_typo_spacing_mobile":0,"ocean_menu_typo_spacing_unit":"","ocean_menu_link_color":"","ocean_menu_link_color_hover":"","ocean_menu_link_color_active":"","ocean_menu_link_background":"","ocean_menu_link_hover_background":"","ocean_menu_link_active_background":"","ocean_menu_social_links_bg":"","ocean_menu_social_hover_links_bg":"","ocean_menu_social_links_color":"","ocean_menu_social_hover_links_color":"","ocean_disable_title":"default","ocean_disable_heading":"on","ocean_post_title":"","ocean_post_subheading":"","ocean_post_title_style":"","ocean_post_title_background_color":"","ocean_post_title_background":0,"ocean_post_title_bg_image_position":"","ocean_post_title_bg_image_attachment":"","ocean_post_title_bg_image_repeat":"","ocean_post_title_bg_image_size":"","ocean_post_title_height":0,"ocean_post_title_bg_overlay":0.5,"ocean_post_title_bg_overlay_color":"","ocean_disable_breadcrumbs":"default","ocean_breadcrumbs_color":"","ocean_breadcrumbs_separator_color":"","ocean_breadcrumbs_links_color":"","ocean_breadcrumbs_links_hover_color":"","ocean_display_footer_widgets":"default","ocean_display_footer_bottom":"default","ocean_custom_footer_template":"","omw_enable_modal_window":"enable"},"product_brand":[],"product_cat":[21],"product_tag":[],"class_list":{"0":"post-1092","1":"product","2":"type-product","3":"status-publish","4":"has-post-thumbnail","6":"product_cat-impermeabilizantes","8":"entry","9":"has-media","11":"first","12":"instock","13":"shipping-taxable","14":"purchasable","15":"product-type-simple","16":"col","17":"span_1_of_4","18":"owp-content-center","19":"owp-thumbs-layout-horizontal","20":"owp-btn-very-big","21":"owp-tabs-layout-vertical","22":"has-no-thumbnails","23":"circle-sale"},"yoast_head":"<!-- This site is optimized with the Yoast SEO plugin v27.4 - https:\/\/yoast.com\/product\/yoast-seo-wordpress\/ -->\n<title>Eco-Thermo - Isolante T\u00e9rmico Externo com Micro-Esferas de Cer\u00e2mica<\/title>\n<meta name=\"description\" content=\"\u00c9 uma tinta isolante t\u00e9rmica a base de pol\u00edmeros elast\u00f4meros, de acr\u00edlico puro e micro-esferas de cer\u00e2mica de grande durabilidade e resistente ao intemperismo. \u00c9 um excelente isolante t\u00e9rmico de coberturas, devido ao seu alto \u00edndice de reflet\u00e2ncia dos raios solares.\" \/>\n<meta name=\"robots\" content=\"index, follow, max-snippet:-1, max-image-preview:large, max-video-preview:-1\" \/>\n<link rel=\"canonical\" href=\"https:\/\/revescor.com.br\/site\/produto\/impermeabilizantes\/eco-thermo-isolante-termico-externo-com-micro-esferas-de-ceramica\/\" \/>\n<meta property=\"og:locale\" content=\"pt_BR\" \/>\n<meta property=\"og:type\" content=\"article\" \/>\n<meta property=\"og:title\" content=\"Eco-Thermo - Isolante T\u00e9rmico Externo com Micro-Esferas de Cer\u00e2mica\" \/>\n<meta property=\"og:description\" content=\"\u00c9 uma tinta isolante t\u00e9rmica a base de pol\u00edmeros elast\u00f4meros, de acr\u00edlico puro e micro-esferas de cer\u00e2mica de grande durabilidade e resistente ao intemperismo. \u00c9 um excelente isolante t\u00e9rmico de coberturas, devido ao seu alto \u00edndice de reflet\u00e2ncia dos raios solares.\" \/>\n<meta property=\"og:url\" content=\"https:\/\/revescor.com.br\/site\/produto\/impermeabilizantes\/eco-thermo-isolante-termico-externo-com-micro-esferas-de-ceramica\/\" \/>\n<meta property=\"og:site_name\" content=\"Revescor - Tintas, Texturas, Grafiatos e Acess\u00f3rios\" \/>\n<meta property=\"article:modified_time\" content=\"2018-06-12T16:32:22+00:00\" \/>\n<meta property=\"og:image\" content=\"https:\/\/revescor.com.br\/site\/wp-content\/uploads\/2018\/05\/ECOTHERMO.jpg\" \/>\n\t<meta property=\"og:image:width\" content=\"530\" \/>\n\t<meta property=\"og:image:height\" content=\"670\" \/>\n\t<meta property=\"og:image:type\" content=\"image\/jpeg\" \/>\n<meta name=\"twitter:card\" content=\"summary_large_image\" \/>\n<meta name=\"twitter:label1\" content=\"Est. tempo de leitura\" \/>\n\t<meta name=\"twitter:data1\" content=\"3 minutos\" \/>\n<script type=\"application\/ld+json\" class=\"yoast-schema-graph\">{\"@context\":\"https:\\\/\\\/schema.org\",\"@graph\":[{\"@type\":\"WebPage\",\"@id\":\"https:\\\/\\\/revescor.com.br\\\/site\\\/produto\\\/impermeabilizantes\\\/eco-thermo-isolante-termico-externo-com-micro-esferas-de-ceramica\\\/\",\"url\":\"https:\\\/\\\/revescor.com.br\\\/site\\\/produto\\\/impermeabilizantes\\\/eco-thermo-isolante-termico-externo-com-micro-esferas-de-ceramica\\\/\",\"name\":\"Eco-Thermo - Isolante T\u00e9rmico Externo com Micro-Esferas de Cer\u00e2mica\",\"isPartOf\":{\"@id\":\"https:\\\/\\\/revescor.com.br\\\/site\\\/#website\"},\"primaryImageOfPage\":{\"@id\":\"https:\\\/\\\/revescor.com.br\\\/site\\\/produto\\\/impermeabilizantes\\\/eco-thermo-isolante-termico-externo-com-micro-esferas-de-ceramica\\\/#primaryimage\"},\"image\":{\"@id\":\"https:\\\/\\\/revescor.com.br\\\/site\\\/produto\\\/impermeabilizantes\\\/eco-thermo-isolante-termico-externo-com-micro-esferas-de-ceramica\\\/#primaryimage\"},\"thumbnailUrl\":\"https:\\\/\\\/revescor.com.br\\\/site\\\/wp-content\\\/uploads\\\/2018\\\/05\\\/ECOTHERMO.jpg\",\"datePublished\":\"2018-05-12T06:55:04+00:00\",\"dateModified\":\"2018-06-12T16:32:22+00:00\",\"description\":\"\u00c9 uma tinta isolante t\u00e9rmica a base de pol\u00edmeros elast\u00f4meros, de acr\u00edlico puro e micro-esferas de cer\u00e2mica de grande durabilidade e resistente ao intemperismo. \u00c9 um excelente isolante t\u00e9rmico de coberturas, devido ao seu alto \u00edndice de reflet\u00e2ncia dos raios solares.\",\"breadcrumb\":{\"@id\":\"https:\\\/\\\/revescor.com.br\\\/site\\\/produto\\\/impermeabilizantes\\\/eco-thermo-isolante-termico-externo-com-micro-esferas-de-ceramica\\\/#breadcrumb\"},\"inLanguage\":\"pt-BR\",\"potentialAction\":[{\"@type\":\"ReadAction\",\"target\":[\"https:\\\/\\\/revescor.com.br\\\/site\\\/produto\\\/impermeabilizantes\\\/eco-thermo-isolante-termico-externo-com-micro-esferas-de-ceramica\\\/\"]}]},{\"@type\":\"ImageObject\",\"inLanguage\":\"pt-BR\",\"@id\":\"https:\\\/\\\/revescor.com.br\\\/site\\\/produto\\\/impermeabilizantes\\\/eco-thermo-isolante-termico-externo-com-micro-esferas-de-ceramica\\\/#primaryimage\",\"url\":\"https:\\\/\\\/revescor.com.br\\\/site\\\/wp-content\\\/uploads\\\/2018\\\/05\\\/ECOTHERMO.jpg\",\"contentUrl\":\"https:\\\/\\\/revescor.com.br\\\/site\\\/wp-content\\\/uploads\\\/2018\\\/05\\\/ECOTHERMO.jpg\",\"width\":530,\"height\":670,\"caption\":\"Eco-Thermo \u2013 Isolante T\u00e9rmico Externo com Micro-Esferas de Cer\u00e2mica\"},{\"@type\":\"BreadcrumbList\",\"@id\":\"https:\\\/\\\/revescor.com.br\\\/site\\\/produto\\\/impermeabilizantes\\\/eco-thermo-isolante-termico-externo-com-micro-esferas-de-ceramica\\\/#breadcrumb\",\"itemListElement\":[{\"@type\":\"ListItem\",\"position\":1,\"name\":\"In\u00edcio\",\"item\":\"https:\\\/\\\/revescor.com.br\\\/site\\\/\"},{\"@type\":\"ListItem\",\"position\":2,\"name\":\"Loja\",\"item\":\"https:\\\/\\\/revescor.com.br\\\/site\\\/loja\\\/\"},{\"@type\":\"ListItem\",\"position\":3,\"name\":\"Impermeabilizantes\",\"item\":\"https:\\\/\\\/revescor.com.br\\\/site\\\/categoria-produto\\\/impermeabilizantes\\\/\"},{\"@type\":\"ListItem\",\"position\":4,\"name\":\"Eco-Thermo &#8211; Isolante T\u00e9rmico Externo com Micro-Esferas de Cer\u00e2mica\"}]},{\"@type\":\"WebSite\",\"@id\":\"https:\\\/\\\/revescor.com.br\\\/site\\\/#website\",\"url\":\"https:\\\/\\\/revescor.com.br\\\/site\\\/\",\"name\":\"Revescor - Tintas, Texturas, Grafiatos e Acess\u00f3rios\",\"description\":\"A Revescor, com 20 anos de tradi\u00e7\u00e3o, \u00e9 especializada em texturas e grafiatos, assumimos a qualidade. Nossa equipe \u00e9 treinada para solucionar seus problemas.\",\"publisher\":{\"@id\":\"https:\\\/\\\/revescor.com.br\\\/site\\\/#organization\"},\"potentialAction\":[{\"@type\":\"SearchAction\",\"target\":{\"@type\":\"EntryPoint\",\"urlTemplate\":\"https:\\\/\\\/revescor.com.br\\\/site\\\/?s={search_term_string}\"},\"query-input\":{\"@type\":\"PropertyValueSpecification\",\"valueRequired\":true,\"valueName\":\"search_term_string\"}}],\"inLanguage\":\"pt-BR\"},{\"@type\":\"Organization\",\"@id\":\"https:\\\/\\\/revescor.com.br\\\/site\\\/#organization\",\"name\":\"REVESCOR INDUSTRIA E COMERCIO LTDA\",\"url\":\"https:\\\/\\\/revescor.com.br\\\/site\\\/\",\"logo\":{\"@type\":\"ImageObject\",\"inLanguage\":\"pt-BR\",\"@id\":\"https:\\\/\\\/revescor.com.br\\\/site\\\/#\\\/schema\\\/logo\\\/image\\\/\",\"url\":\"https:\\\/\\\/revescor.com.br\\\/site\\\/wp-content\\\/uploads\\\/2018\\\/06\\\/navbar-logo.png\",\"contentUrl\":\"https:\\\/\\\/revescor.com.br\\\/site\\\/wp-content\\\/uploads\\\/2018\\\/06\\\/navbar-logo.png\",\"width\":195,\"height\":36,\"caption\":\"REVESCOR INDUSTRIA E COMERCIO LTDA\"},\"image\":{\"@id\":\"https:\\\/\\\/revescor.com.br\\\/site\\\/#\\\/schema\\\/logo\\\/image\\\/\"}}]}<\/script>\n<!-- \/ Yoast SEO plugin. -->","yoast_head_json":{"title":"Eco-Thermo - Isolante T\u00e9rmico Externo com Micro-Esferas de Cer\u00e2mica","description":"\u00c9 uma tinta isolante t\u00e9rmica a base de pol\u00edmeros elast\u00f4meros, de acr\u00edlico puro e micro-esferas de cer\u00e2mica de grande durabilidade e resistente ao intemperismo. \u00c9 um excelente isolante t\u00e9rmico de coberturas, devido ao seu alto \u00edndice de reflet\u00e2ncia dos raios solares.","robots":{"index":"index","follow":"follow","max-snippet":"max-snippet:-1","max-image-preview":"max-image-preview:large","max-video-preview":"max-video-preview:-1"},"canonical":"https:\/\/revescor.com.br\/site\/produto\/impermeabilizantes\/eco-thermo-isolante-termico-externo-com-micro-esferas-de-ceramica\/","og_locale":"pt_BR","og_type":"article","og_title":"Eco-Thermo - Isolante T\u00e9rmico Externo com Micro-Esferas de Cer\u00e2mica","og_description":"\u00c9 uma tinta isolante t\u00e9rmica a base de pol\u00edmeros elast\u00f4meros, de acr\u00edlico puro e micro-esferas de cer\u00e2mica de grande durabilidade e resistente ao intemperismo. \u00c9 um excelente isolante t\u00e9rmico de coberturas, devido ao seu alto \u00edndice de reflet\u00e2ncia dos raios solares.","og_url":"https:\/\/revescor.com.br\/site\/produto\/impermeabilizantes\/eco-thermo-isolante-termico-externo-com-micro-esferas-de-ceramica\/","og_site_name":"Revescor - Tintas, Texturas, Grafiatos e Acess\u00f3rios","article_modified_time":"2018-06-12T16:32:22+00:00","og_image":[{"width":530,"height":670,"url":"https:\/\/revescor.com.br\/site\/wp-content\/uploads\/2018\/05\/ECOTHERMO.jpg","type":"image\/jpeg"}],"twitter_card":"summary_large_image","twitter_misc":{"Est. tempo de leitura":"3 minutos"},"schema":{"@context":"https:\/\/schema.org","@graph":[{"@type":"WebPage","@id":"https:\/\/revescor.com.br\/site\/produto\/impermeabilizantes\/eco-thermo-isolante-termico-externo-com-micro-esferas-de-ceramica\/","url":"https:\/\/revescor.com.br\/site\/produto\/impermeabilizantes\/eco-thermo-isolante-termico-externo-com-micro-esferas-de-ceramica\/","name":"Eco-Thermo - Isolante T\u00e9rmico Externo com Micro-Esferas de Cer\u00e2mica","isPartOf":{"@id":"https:\/\/revescor.com.br\/site\/#website"},"primaryImageOfPage":{"@id":"https:\/\/revescor.com.br\/site\/produto\/impermeabilizantes\/eco-thermo-isolante-termico-externo-com-micro-esferas-de-ceramica\/#primaryimage"},"image":{"@id":"https:\/\/revescor.com.br\/site\/produto\/impermeabilizantes\/eco-thermo-isolante-termico-externo-com-micro-esferas-de-ceramica\/#primaryimage"},"thumbnailUrl":"https:\/\/revescor.com.br\/site\/wp-content\/uploads\/2018\/05\/ECOTHERMO.jpg","datePublished":"2018-05-12T06:55:04+00:00","dateModified":"2018-06-12T16:32:22+00:00","description":"\u00c9 uma tinta isolante t\u00e9rmica a base de pol\u00edmeros elast\u00f4meros, de acr\u00edlico puro e micro-esferas de cer\u00e2mica de grande durabilidade e resistente ao intemperismo. \u00c9 um excelente isolante t\u00e9rmico de coberturas, devido ao seu alto \u00edndice de reflet\u00e2ncia dos raios solares.","breadcrumb":{"@id":"https:\/\/revescor.com.br\/site\/produto\/impermeabilizantes\/eco-thermo-isolante-termico-externo-com-micro-esferas-de-ceramica\/#breadcrumb"},"inLanguage":"pt-BR","potentialAction":[{"@type":"ReadAction","target":["https:\/\/revescor.com.br\/site\/produto\/impermeabilizantes\/eco-thermo-isolante-termico-externo-com-micro-esferas-de-ceramica\/"]}]},{"@type":"ImageObject","inLanguage":"pt-BR","@id":"https:\/\/revescor.com.br\/site\/produto\/impermeabilizantes\/eco-thermo-isolante-termico-externo-com-micro-esferas-de-ceramica\/#primaryimage","url":"https:\/\/revescor.com.br\/site\/wp-content\/uploads\/2018\/05\/ECOTHERMO.jpg","contentUrl":"https:\/\/revescor.com.br\/site\/wp-content\/uploads\/2018\/05\/ECOTHERMO.jpg","width":530,"height":670,"caption":"Eco-Thermo \u2013 Isolante T\u00e9rmico Externo com Micro-Esferas de Cer\u00e2mica"},{"@type":"BreadcrumbList","@id":"https:\/\/revescor.com.br\/site\/produto\/impermeabilizantes\/eco-thermo-isolante-termico-externo-com-micro-esferas-de-ceramica\/#breadcrumb","itemListElement":[{"@type":"ListItem","position":1,"name":"In\u00edcio","item":"https:\/\/revescor.com.br\/site\/"},{"@type":"ListItem","position":2,"name":"Loja","item":"https:\/\/revescor.com.br\/site\/loja\/"},{"@type":"ListItem","position":3,"name":"Impermeabilizantes","item":"https:\/\/revescor.com.br\/site\/categoria-produto\/impermeabilizantes\/"},{"@type":"ListItem","position":4,"name":"Eco-Thermo &#8211; Isolante T\u00e9rmico Externo com Micro-Esferas de Cer\u00e2mica"}]},{"@type":"WebSite","@id":"https:\/\/revescor.com.br\/site\/#website","url":"https:\/\/revescor.com.br\/site\/","name":"Revescor - Tintas, Texturas, Grafiatos e Acess\u00f3rios","description":"A Revescor, com 20 anos de tradi\u00e7\u00e3o, \u00e9 especializada em texturas e grafiatos, assumimos a qualidade. Nossa equipe \u00e9 treinada para solucionar seus problemas.","publisher":{"@id":"https:\/\/revescor.com.br\/site\/#organization"},"potentialAction":[{"@type":"SearchAction","target":{"@type":"EntryPoint","urlTemplate":"https:\/\/revescor.com.br\/site\/?s={search_term_string}"},"query-input":{"@type":"PropertyValueSpecification","valueRequired":true,"valueName":"search_term_string"}}],"inLanguage":"pt-BR"},{"@type":"Organization","@id":"https:\/\/revescor.com.br\/site\/#organization","name":"REVESCOR INDUSTRIA E COMERCIO LTDA","url":"https:\/\/revescor.com.br\/site\/","logo":{"@type":"ImageObject","inLanguage":"pt-BR","@id":"https:\/\/revescor.com.br\/site\/#\/schema\/logo\/image\/","url":"https:\/\/revescor.com.br\/site\/wp-content\/uploads\/2018\/06\/navbar-logo.png","contentUrl":"https:\/\/revescor.com.br\/site\/wp-content\/uploads\/2018\/06\/navbar-logo.png","width":195,"height":36,"caption":"REVESCOR INDUSTRIA E COMERCIO LTDA"},"image":{"@id":"https:\/\/revescor.com.br\/site\/#\/schema\/logo\/image\/"}}]}},"_links":{"self":[{"href":"https:\/\/revescor.com.br\/site\/wp-json\/wp\/v2\/product\/1092","targetHints":{"allow":["GET"]}}],"collection":[{"href":"https:\/\/revescor.com.br\/site\/wp-json\/wp\/v2\/product"}],"about":[{"href":"https:\/\/revescor.com.br\/site\/wp-json\/wp\/v2\/types\/product"}],"replies":[{"embeddable":true,"href":"https:\/\/revescor.com.br\/site\/wp-json\/wp\/v2\/comments?post=1092"}],"version-history":[{"count":6,"href":"https:\/\/revescor.com.br\/site\/wp-json\/wp\/v2\/product\/1092\/revisions"}],"predecessor-version":[{"id":1153,"href":"https:\/\/revescor.com.br\/site\/wp-json\/wp\/v2\/product\/1092\/revisions\/1153"}],"wp:featuredmedia":[{"embeddable":true,"href":"https:\/\/revescor.com.br\/site\/wp-json\/wp\/v2\/media\/1095"}],"wp:attachment":[{"href":"https:\/\/revescor.com.br\/site\/wp-json\/wp\/v2\/media?parent=1092"}],"wp:term":[{"taxonomy":"product_brand","embeddable":true,"href":"https:\/\/revescor.com.br\/site\/wp-json\/wp\/v2\/product_brand?post=1092"},{"taxonomy":"product_cat","embeddable":true,"href":"https:\/\/revescor.com.br\/site\/wp-json\/wp\/v2\/product_cat?post=1092"},{"taxonomy":"product_tag","embeddable":true,"href":"https:\/\/revescor.com.br\/site\/wp-json\/wp\/v2\/product_tag?post=1092"}],"curies":[{"name":"wp","href":"https:\/\/api.w.org\/{rel}","templated":true}]}}