 {"id":1170,"date":"2018-05-14T02:34:25","date_gmt":"2018-05-14T05:34:25","guid":{"rendered":"https:\/\/revescor.com.br\/site\/?post_type=product&#038;p=1170"},"modified":"2025-08-19T13:12:31","modified_gmt":"2025-08-19T16:12:31","slug":"textura-projetada-revestimento-impermeabilizante-de-alta-resistencia","status":"publish","type":"product","link":"https:\/\/revescor.com.br\/site\/produto\/revestimentos\/textura-projetada-revestimento-impermeabilizante-de-alta-resistencia\/","title":{"rendered":"Textura Projetada &#8211; Revestimento Impermeabilizante de Alta Resist\u00eancia"},"content":{"rendered":"<h4>COMPOSI\u00c7\u00c3O DA TEXTURA PROJETADA<\/h4>\n<p style=\"padding-left: 30px;\">\u2022 Estireno acr\u00edlico;<br \/>\n\u2022 Pigmentos org\u00e2nicos e inorg\u00e2nicos;<br \/>\n\u2022 Cargas minerais inertes;<br \/>\n\u2022 Aditivos;<br \/>\n\u2022 Hidro-repelente.<\/p>\n<p>&nbsp;<\/p>\n<h4>MODO DE APLICA\u00c7\u00c3O<\/h4>\n<p style=\"padding-left: 30px;\">\u2022 Pistola de Gravidade<br \/>\n\u2022 Desempenadeira ou rolo de PVC<\/p>\n<p>&nbsp;<\/p>\n<h4>USO INDICADO<\/h4>\n<p style=\"padding-left: 30px;\">\u2022 Interno;<br \/>\n\u2022 Externo;<br \/>\n\u2022 Reboco;<br \/>\n\u2022 Bloco fibrocimento;<br \/>\n\u2022 Gesso.<\/p>\n<p>&nbsp;<\/p>\n<h4>RENDIMENTO M\u00c9DIO<\/h4>\n<p style=\"padding-left: 30px;\">\u2022 3,5 a 4,0 kg\/m\u00b2 \u2013 Dependendo das condi\u00e7\u00f5es do substrato.<\/p>\n<p>&nbsp;<\/p>\n<h4>SECAGEM<\/h4>\n<p style=\"padding-left: 30px;\">\u2022 <strong>Ao toque:<\/strong> 08 horas;<br \/>\n\u2022 <strong>Final:<\/strong> Aproximadamente 30 dias.<\/p>\n<p>&nbsp;<\/p>\n<h4>ADVERT\u00caNCIAS! N\u00e3o aplicar a\u00a0Textura Projetada em dias:<\/h4>\n<p style=\"padding-left: 30px;\">\u2022 Chuvosos ou com umidade;<br \/>\n\u2022 Com temperaturas inferiores a 12 Graus e umidade relativa do ar superior a 80%;<br \/>\n\u2022 Em superf\u00edcies com p\u00f3, gordura, mofo, etc;<br \/>\n\u2022 Sobre superf\u00edcies sem coes\u00e3o ou com part\u00edculas soltas.<\/p>\n<p>&nbsp;<\/p>\n<h4>PRECAU\u00c7\u00d5ES<\/h4>\n<p style=\"padding-left: 30px;\">\u2022 Estocar a Textura Projetada em ambiente seco e arejado;<br \/>\n\u2022 Manter o ambiente ventilado durante a prepara\u00e7\u00e3o da superf\u00edcie;<br \/>\n\u2022 N\u00e3o reutilizar a embalagem para armazenar alimentos, \u00e1gua, etc;<br \/>\n\u2022 Manter fora do alcance de crian\u00e7as e animais dom\u00e9sticos;<br \/>\n\u2022 N\u00e3o ingerir, evitar contato com a pele e olhos;<br \/>\n\u2022 Se houver irrita\u00e7\u00e3o nos olhos, pele e vias respirat\u00f3rias procure m\u00e9dico.<\/p>\n<p>&nbsp;<\/p>\n<p><strong>Procure sempre um profissional habilitado, com conhecimento em aplica\u00e7\u00e3o de tintas e revestimentos.<\/strong><\/p>\n<p>Utilize os produtos REVESCOR, e embeleze sua obra.<\/p>\n","protected":false},"excerpt":{"rendered":"<p>\u00c9 um revestimento de alta resist\u00eancia e muita beleza, aplicado com pistola de alta press\u00e3o que proporciona efeito est\u00e9tico surpreendente.<\/p>\n<p>Sua composi\u00e7\u00e3o, composta de pol\u00edmeros, dolomitas e minerais, embeleza, impermeabilizam e protegem, evitando o aparecimento de fungos. As cores permanecem firmes por muito tempo.<\/p>\n<p><strong class=\"barrica\">Pedido m\u00ednimo: 50kg<\/strong><\/p>\n","protected":false},"featured_media":1171,"comment_status":"open","ping_status":"closed","template":"","meta":{"ocean_post_layout":"right-sidebar","ocean_both_sidebars_style":"","ocean_both_sidebars_content_width":0,"ocean_both_sidebars_sidebars_width":0,"ocean_sidebar":"ocs-menu-loja","ocean_second_sidebar":"0","ocean_disable_margins":"enable","ocean_add_body_class":"","ocean_shortcode_before_top_bar":"","ocean_shortcode_after_top_bar":"","ocean_shortcode_before_header":"","ocean_shortcode_after_header":"","ocean_has_shortcode":"","ocean_shortcode_after_title":"","ocean_shortcode_before_footer_widgets":"","ocean_shortcode_after_footer_widgets":"","ocean_shortcode_before_footer_bottom":"","ocean_shortcode_after_footer_bottom":"","ocean_display_top_bar":"default","ocean_display_header":"default","ocean_header_style":"","ocean_center_header_left_menu":"0","ocean_custom_header_template":"0","ocean_custom_logo":0,"ocean_custom_retina_logo":0,"ocean_custom_logo_max_width":0,"ocean_custom_logo_tablet_max_width":0,"ocean_custom_logo_mobile_max_width":0,"ocean_custom_logo_max_height":0,"ocean_custom_logo_tablet_max_height":0,"ocean_custom_logo_mobile_max_height":0,"ocean_header_custom_menu":"0","ocean_menu_typo_font_family":"0","ocean_menu_typo_font_subset":"","ocean_menu_typo_font_size":0,"ocean_menu_typo_font_size_tablet":0,"ocean_menu_typo_font_size_mobile":0,"ocean_menu_typo_font_size_unit":"px","ocean_menu_typo_font_weight":"","ocean_menu_typo_font_weight_tablet":"","ocean_menu_typo_font_weight_mobile":"","ocean_menu_typo_transform":"","ocean_menu_typo_transform_tablet":"","ocean_menu_typo_transform_mobile":"","ocean_menu_typo_line_height":0,"ocean_menu_typo_line_height_tablet":0,"ocean_menu_typo_line_height_mobile":0,"ocean_menu_typo_line_height_unit":"","ocean_menu_typo_spacing":0,"ocean_menu_typo_spacing_tablet":0,"ocean_menu_typo_spacing_mobile":0,"ocean_menu_typo_spacing_unit":"","ocean_menu_link_color":"","ocean_menu_link_color_hover":"","ocean_menu_link_color_active":"","ocean_menu_link_background":"","ocean_menu_link_hover_background":"","ocean_menu_link_active_background":"","ocean_menu_social_links_bg":"","ocean_menu_social_hover_links_bg":"","ocean_menu_social_links_color":"","ocean_menu_social_hover_links_color":"","ocean_disable_title":"default","ocean_disable_heading":"on","ocean_post_title":"","ocean_post_subheading":"","ocean_post_title_style":"","ocean_post_title_background_color":"","ocean_post_title_background":0,"ocean_post_title_bg_image_position":"","ocean_post_title_bg_image_attachment":"","ocean_post_title_bg_image_repeat":"","ocean_post_title_bg_image_size":"","ocean_post_title_height":0,"ocean_post_title_bg_overlay":0.5,"ocean_post_title_bg_overlay_color":"","ocean_disable_breadcrumbs":"default","ocean_breadcrumbs_color":"","ocean_breadcrumbs_separator_color":"","ocean_breadcrumbs_links_color":"","ocean_breadcrumbs_links_hover_color":"","ocean_display_footer_widgets":"default","ocean_display_footer_bottom":"default","ocean_custom_footer_template":"0","omw_enable_modal_window":"enable"},"product_brand":[],"product_cat":[23],"product_tag":[],"class_list":{"0":"post-1170","1":"product","2":"type-product","3":"status-publish","4":"has-post-thumbnail","6":"product_cat-revestimentos","8":"entry","9":"has-media","11":"first","12":"instock","13":"shipping-taxable","14":"purchasable","15":"product-type-variable","16":"col","17":"span_1_of_4","18":"owp-content-center","19":"owp-thumbs-layout-horizontal","20":"owp-btn-very-big","21":"owp-tabs-layout-vertical","22":"has-no-thumbnails","23":"circle-sale"},"yoast_head":"<!-- This site is optimized with the Yoast SEO plugin v27.4 - https:\/\/yoast.com\/product\/yoast-seo-wordpress\/ -->\n<title>Textura Projetada - Revestimento Impermeabilizante de Alta Resist\u00eancia<\/title>\n<meta name=\"description\" content=\"\u00c9 um revestimento de alta resist\u00eancia e muita beleza, aplicado com pistola de alta press\u00e3o que proporciona efeito est\u00e9tico surpreendente. Sua composi\u00e7\u00e3o, composta de pol\u00edmeros, dolomitas e minerais, embeleza, impermeabilizam e protegem, evitando o aparecimento de fungos. As cores permanecem firmes por muito tempo.\" \/>\n<meta name=\"robots\" content=\"index, follow, max-snippet:-1, max-image-preview:large, max-video-preview:-1\" \/>\n<link rel=\"canonical\" href=\"https:\/\/revescor.com.br\/site\/produto\/revestimentos\/textura-projetada-revestimento-impermeabilizante-de-alta-resistencia\/\" \/>\n<meta property=\"og:locale\" content=\"pt_BR\" \/>\n<meta property=\"og:type\" content=\"article\" \/>\n<meta property=\"og:title\" content=\"Textura Projetada - Revestimento Impermeabilizante de Alta Resist\u00eancia\" \/>\n<meta property=\"og:description\" content=\"\u00c9 um revestimento de alta resist\u00eancia e muita beleza, aplicado com pistola de alta press\u00e3o que proporciona efeito est\u00e9tico surpreendente. Sua composi\u00e7\u00e3o, composta de pol\u00edmeros, dolomitas e minerais, embeleza, impermeabilizam e protegem, evitando o aparecimento de fungos. As cores permanecem firmes por muito tempo.\" \/>\n<meta property=\"og:url\" content=\"https:\/\/revescor.com.br\/site\/produto\/revestimentos\/textura-projetada-revestimento-impermeabilizante-de-alta-resistencia\/\" \/>\n<meta property=\"og:site_name\" content=\"Revescor - Tintas, Texturas, Grafiatos e Acess\u00f3rios\" \/>\n<meta property=\"article:modified_time\" content=\"2025-08-19T16:12:31+00:00\" \/>\n<meta property=\"og:image\" content=\"https:\/\/revescor.com.br\/site\/wp-content\/uploads\/2018\/05\/textura-projetada.png\" \/>\n\t<meta property=\"og:image:width\" content=\"800\" \/>\n\t<meta property=\"og:image:height\" content=\"1068\" \/>\n\t<meta property=\"og:image:type\" content=\"image\/png\" \/>\n<meta name=\"twitter:card\" content=\"summary_large_image\" \/>\n<meta name=\"twitter:label1\" content=\"Est. tempo de leitura\" \/>\n\t<meta name=\"twitter:data1\" content=\"1 minuto\" \/>\n<script type=\"application\/ld+json\" class=\"yoast-schema-graph\">{\"@context\":\"https:\\\/\\\/schema.org\",\"@graph\":[{\"@type\":\"WebPage\",\"@id\":\"https:\\\/\\\/revescor.com.br\\\/site\\\/produto\\\/revestimentos\\\/textura-projetada-revestimento-impermeabilizante-de-alta-resistencia\\\/\",\"url\":\"https:\\\/\\\/revescor.com.br\\\/site\\\/produto\\\/revestimentos\\\/textura-projetada-revestimento-impermeabilizante-de-alta-resistencia\\\/\",\"name\":\"Textura Projetada - Revestimento Impermeabilizante de Alta Resist\u00eancia\",\"isPartOf\":{\"@id\":\"https:\\\/\\\/revescor.com.br\\\/site\\\/#website\"},\"primaryImageOfPage\":{\"@id\":\"https:\\\/\\\/revescor.com.br\\\/site\\\/produto\\\/revestimentos\\\/textura-projetada-revestimento-impermeabilizante-de-alta-resistencia\\\/#primaryimage\"},\"image\":{\"@id\":\"https:\\\/\\\/revescor.com.br\\\/site\\\/produto\\\/revestimentos\\\/textura-projetada-revestimento-impermeabilizante-de-alta-resistencia\\\/#primaryimage\"},\"thumbnailUrl\":\"https:\\\/\\\/revescor.com.br\\\/site\\\/wp-content\\\/uploads\\\/2018\\\/05\\\/textura-projetada.png\",\"datePublished\":\"2018-05-14T05:34:25+00:00\",\"dateModified\":\"2025-08-19T16:12:31+00:00\",\"description\":\"\u00c9 um revestimento de alta resist\u00eancia e muita beleza, aplicado com pistola de alta press\u00e3o que proporciona efeito est\u00e9tico surpreendente. Sua composi\u00e7\u00e3o, composta de pol\u00edmeros, dolomitas e minerais, embeleza, impermeabilizam e protegem, evitando o aparecimento de fungos. As cores permanecem firmes por muito tempo.\",\"breadcrumb\":{\"@id\":\"https:\\\/\\\/revescor.com.br\\\/site\\\/produto\\\/revestimentos\\\/textura-projetada-revestimento-impermeabilizante-de-alta-resistencia\\\/#breadcrumb\"},\"inLanguage\":\"pt-BR\",\"potentialAction\":[{\"@type\":\"ReadAction\",\"target\":[\"https:\\\/\\\/revescor.com.br\\\/site\\\/produto\\\/revestimentos\\\/textura-projetada-revestimento-impermeabilizante-de-alta-resistencia\\\/\"]}]},{\"@type\":\"ImageObject\",\"inLanguage\":\"pt-BR\",\"@id\":\"https:\\\/\\\/revescor.com.br\\\/site\\\/produto\\\/revestimentos\\\/textura-projetada-revestimento-impermeabilizante-de-alta-resistencia\\\/#primaryimage\",\"url\":\"https:\\\/\\\/revescor.com.br\\\/site\\\/wp-content\\\/uploads\\\/2018\\\/05\\\/textura-projetada.png\",\"contentUrl\":\"https:\\\/\\\/revescor.com.br\\\/site\\\/wp-content\\\/uploads\\\/2018\\\/05\\\/textura-projetada.png\",\"width\":800,\"height\":1068,\"caption\":\"Textura Projetada - Revestimento Impermeabilizante de Alta Resist\u00eancia 30kg\"},{\"@type\":\"BreadcrumbList\",\"@id\":\"https:\\\/\\\/revescor.com.br\\\/site\\\/produto\\\/revestimentos\\\/textura-projetada-revestimento-impermeabilizante-de-alta-resistencia\\\/#breadcrumb\",\"itemListElement\":[{\"@type\":\"ListItem\",\"position\":1,\"name\":\"In\u00edcio\",\"item\":\"https:\\\/\\\/revescor.com.br\\\/site\\\/\"},{\"@type\":\"ListItem\",\"position\":2,\"name\":\"Loja\",\"item\":\"https:\\\/\\\/revescor.com.br\\\/site\\\/loja\\\/\"},{\"@type\":\"ListItem\",\"position\":3,\"name\":\"Revestimentos\",\"item\":\"https:\\\/\\\/revescor.com.br\\\/site\\\/categoria-produto\\\/revestimentos\\\/\"},{\"@type\":\"ListItem\",\"position\":4,\"name\":\"Textura Projetada &#8211; Revestimento Impermeabilizante de Alta Resist\u00eancia\"}]},{\"@type\":\"WebSite\",\"@id\":\"https:\\\/\\\/revescor.com.br\\\/site\\\/#website\",\"url\":\"https:\\\/\\\/revescor.com.br\\\/site\\\/\",\"name\":\"Revescor - Tintas, Texturas, Grafiatos e Acess\u00f3rios\",\"description\":\"A Revescor, com 20 anos de tradi\u00e7\u00e3o, \u00e9 especializada em texturas e grafiatos, assumimos a qualidade. Nossa equipe \u00e9 treinada para solucionar seus problemas.\",\"publisher\":{\"@id\":\"https:\\\/\\\/revescor.com.br\\\/site\\\/#organization\"},\"potentialAction\":[{\"@type\":\"SearchAction\",\"target\":{\"@type\":\"EntryPoint\",\"urlTemplate\":\"https:\\\/\\\/revescor.com.br\\\/site\\\/?s={search_term_string}\"},\"query-input\":{\"@type\":\"PropertyValueSpecification\",\"valueRequired\":true,\"valueName\":\"search_term_string\"}}],\"inLanguage\":\"pt-BR\"},{\"@type\":\"Organization\",\"@id\":\"https:\\\/\\\/revescor.com.br\\\/site\\\/#organization\",\"name\":\"REVESCOR INDUSTRIA E COMERCIO LTDA\",\"url\":\"https:\\\/\\\/revescor.com.br\\\/site\\\/\",\"logo\":{\"@type\":\"ImageObject\",\"inLanguage\":\"pt-BR\",\"@id\":\"https:\\\/\\\/revescor.com.br\\\/site\\\/#\\\/schema\\\/logo\\\/image\\\/\",\"url\":\"https:\\\/\\\/revescor.com.br\\\/site\\\/wp-content\\\/uploads\\\/2018\\\/06\\\/navbar-logo.png\",\"contentUrl\":\"https:\\\/\\\/revescor.com.br\\\/site\\\/wp-content\\\/uploads\\\/2018\\\/06\\\/navbar-logo.png\",\"width\":195,\"height\":36,\"caption\":\"REVESCOR INDUSTRIA E COMERCIO LTDA\"},\"image\":{\"@id\":\"https:\\\/\\\/revescor.com.br\\\/site\\\/#\\\/schema\\\/logo\\\/image\\\/\"}}]}<\/script>\n<!-- \/ Yoast SEO plugin. -->","yoast_head_json":{"title":"Textura Projetada - Revestimento Impermeabilizante de Alta Resist\u00eancia","description":"\u00c9 um revestimento de alta resist\u00eancia e muita beleza, aplicado com pistola de alta press\u00e3o que proporciona efeito est\u00e9tico surpreendente. Sua composi\u00e7\u00e3o, composta de pol\u00edmeros, dolomitas e minerais, embeleza, impermeabilizam e protegem, evitando o aparecimento de fungos. As cores permanecem firmes por muito tempo.","robots":{"index":"index","follow":"follow","max-snippet":"max-snippet:-1","max-image-preview":"max-image-preview:large","max-video-preview":"max-video-preview:-1"},"canonical":"https:\/\/revescor.com.br\/site\/produto\/revestimentos\/textura-projetada-revestimento-impermeabilizante-de-alta-resistencia\/","og_locale":"pt_BR","og_type":"article","og_title":"Textura Projetada - Revestimento Impermeabilizante de Alta Resist\u00eancia","og_description":"\u00c9 um revestimento de alta resist\u00eancia e muita beleza, aplicado com pistola de alta press\u00e3o que proporciona efeito est\u00e9tico surpreendente. Sua composi\u00e7\u00e3o, composta de pol\u00edmeros, dolomitas e minerais, embeleza, impermeabilizam e protegem, evitando o aparecimento de fungos. As cores permanecem firmes por muito tempo.","og_url":"https:\/\/revescor.com.br\/site\/produto\/revestimentos\/textura-projetada-revestimento-impermeabilizante-de-alta-resistencia\/","og_site_name":"Revescor - Tintas, Texturas, Grafiatos e Acess\u00f3rios","article_modified_time":"2025-08-19T16:12:31+00:00","og_image":[{"width":800,"height":1068,"url":"https:\/\/revescor.com.br\/site\/wp-content\/uploads\/2018\/05\/textura-projetada.png","type":"image\/png"}],"twitter_card":"summary_large_image","twitter_misc":{"Est. tempo de leitura":"1 minuto"},"schema":{"@context":"https:\/\/schema.org","@graph":[{"@type":"WebPage","@id":"https:\/\/revescor.com.br\/site\/produto\/revestimentos\/textura-projetada-revestimento-impermeabilizante-de-alta-resistencia\/","url":"https:\/\/revescor.com.br\/site\/produto\/revestimentos\/textura-projetada-revestimento-impermeabilizante-de-alta-resistencia\/","name":"Textura Projetada - Revestimento Impermeabilizante de Alta Resist\u00eancia","isPartOf":{"@id":"https:\/\/revescor.com.br\/site\/#website"},"primaryImageOfPage":{"@id":"https:\/\/revescor.com.br\/site\/produto\/revestimentos\/textura-projetada-revestimento-impermeabilizante-de-alta-resistencia\/#primaryimage"},"image":{"@id":"https:\/\/revescor.com.br\/site\/produto\/revestimentos\/textura-projetada-revestimento-impermeabilizante-de-alta-resistencia\/#primaryimage"},"thumbnailUrl":"https:\/\/revescor.com.br\/site\/wp-content\/uploads\/2018\/05\/textura-projetada.png","datePublished":"2018-05-14T05:34:25+00:00","dateModified":"2025-08-19T16:12:31+00:00","description":"\u00c9 um revestimento de alta resist\u00eancia e muita beleza, aplicado com pistola de alta press\u00e3o que proporciona efeito est\u00e9tico surpreendente. Sua composi\u00e7\u00e3o, composta de pol\u00edmeros, dolomitas e minerais, embeleza, impermeabilizam e protegem, evitando o aparecimento de fungos. As cores permanecem firmes por muito tempo.","breadcrumb":{"@id":"https:\/\/revescor.com.br\/site\/produto\/revestimentos\/textura-projetada-revestimento-impermeabilizante-de-alta-resistencia\/#breadcrumb"},"inLanguage":"pt-BR","potentialAction":[{"@type":"ReadAction","target":["https:\/\/revescor.com.br\/site\/produto\/revestimentos\/textura-projetada-revestimento-impermeabilizante-de-alta-resistencia\/"]}]},{"@type":"ImageObject","inLanguage":"pt-BR","@id":"https:\/\/revescor.com.br\/site\/produto\/revestimentos\/textura-projetada-revestimento-impermeabilizante-de-alta-resistencia\/#primaryimage","url":"https:\/\/revescor.com.br\/site\/wp-content\/uploads\/2018\/05\/textura-projetada.png","contentUrl":"https:\/\/revescor.com.br\/site\/wp-content\/uploads\/2018\/05\/textura-projetada.png","width":800,"height":1068,"caption":"Textura Projetada - Revestimento Impermeabilizante de Alta Resist\u00eancia 30kg"},{"@type":"BreadcrumbList","@id":"https:\/\/revescor.com.br\/site\/produto\/revestimentos\/textura-projetada-revestimento-impermeabilizante-de-alta-resistencia\/#breadcrumb","itemListElement":[{"@type":"ListItem","position":1,"name":"In\u00edcio","item":"https:\/\/revescor.com.br\/site\/"},{"@type":"ListItem","position":2,"name":"Loja","item":"https:\/\/revescor.com.br\/site\/loja\/"},{"@type":"ListItem","position":3,"name":"Revestimentos","item":"https:\/\/revescor.com.br\/site\/categoria-produto\/revestimentos\/"},{"@type":"ListItem","position":4,"name":"Textura Projetada &#8211; Revestimento Impermeabilizante de Alta Resist\u00eancia"}]},{"@type":"WebSite","@id":"https:\/\/revescor.com.br\/site\/#website","url":"https:\/\/revescor.com.br\/site\/","name":"Revescor - Tintas, Texturas, Grafiatos e Acess\u00f3rios","description":"A Revescor, com 20 anos de tradi\u00e7\u00e3o, \u00e9 especializada em texturas e grafiatos, assumimos a qualidade. Nossa equipe \u00e9 treinada para solucionar seus problemas.","publisher":{"@id":"https:\/\/revescor.com.br\/site\/#organization"},"potentialAction":[{"@type":"SearchAction","target":{"@type":"EntryPoint","urlTemplate":"https:\/\/revescor.com.br\/site\/?s={search_term_string}"},"query-input":{"@type":"PropertyValueSpecification","valueRequired":true,"valueName":"search_term_string"}}],"inLanguage":"pt-BR"},{"@type":"Organization","@id":"https:\/\/revescor.com.br\/site\/#organization","name":"REVESCOR INDUSTRIA E COMERCIO LTDA","url":"https:\/\/revescor.com.br\/site\/","logo":{"@type":"ImageObject","inLanguage":"pt-BR","@id":"https:\/\/revescor.com.br\/site\/#\/schema\/logo\/image\/","url":"https:\/\/revescor.com.br\/site\/wp-content\/uploads\/2018\/06\/navbar-logo.png","contentUrl":"https:\/\/revescor.com.br\/site\/wp-content\/uploads\/2018\/06\/navbar-logo.png","width":195,"height":36,"caption":"REVESCOR INDUSTRIA E COMERCIO LTDA"},"image":{"@id":"https:\/\/revescor.com.br\/site\/#\/schema\/logo\/image\/"}}]}},"_links":{"self":[{"href":"https:\/\/revescor.com.br\/site\/wp-json\/wp\/v2\/product\/1170","targetHints":{"allow":["GET"]}}],"collection":[{"href":"https:\/\/revescor.com.br\/site\/wp-json\/wp\/v2\/product"}],"about":[{"href":"https:\/\/revescor.com.br\/site\/wp-json\/wp\/v2\/types\/product"}],"replies":[{"embeddable":true,"href":"https:\/\/revescor.com.br\/site\/wp-json\/wp\/v2\/comments?post=1170"}],"version-history":[{"count":6,"href":"https:\/\/revescor.com.br\/site\/wp-json\/wp\/v2\/product\/1170\/revisions"}],"predecessor-version":[{"id":2798,"href":"https:\/\/revescor.com.br\/site\/wp-json\/wp\/v2\/product\/1170\/revisions\/2798"}],"wp:featuredmedia":[{"embeddable":true,"href":"https:\/\/revescor.com.br\/site\/wp-json\/wp\/v2\/media\/1171"}],"wp:attachment":[{"href":"https:\/\/revescor.com.br\/site\/wp-json\/wp\/v2\/media?parent=1170"}],"wp:term":[{"taxonomy":"product_brand","embeddable":true,"href":"https:\/\/revescor.com.br\/site\/wp-json\/wp\/v2\/product_brand?post=1170"},{"taxonomy":"product_cat","embeddable":true,"href":"https:\/\/revescor.com.br\/site\/wp-json\/wp\/v2\/product_cat?post=1170"},{"taxonomy":"product_tag","embeddable":true,"href":"https:\/\/revescor.com.br\/site\/wp-json\/wp\/v2\/product_tag?post=1170"}],"curies":[{"name":"wp","href":"https:\/\/api.w.org\/{rel}","templated":true}]}}