 {"id":449,"date":"2018-04-13T00:46:21","date_gmt":"2018-04-13T03:46:21","guid":{"rendered":"https:\/\/revescor.com.br\/site\/?post_type=product&#038;p=449"},"modified":"2022-07-27T16:51:15","modified_gmt":"2022-07-27T19:51:15","slug":"impermocril-manta-liquida-acrilica-impermeabilizante-flexivel-e-resistente","status":"publish","type":"product","link":"https:\/\/revescor.com.br\/site\/produto\/impermeabilizantes\/impermocril-manta-liquida-acrilica-impermeabilizante-flexivel-e-resistente\/","title":{"rendered":"Impermocril &#8211; Manta L\u00edquida Acr\u00edlica Impermeabilizante Flex\u00edvel e Resistente"},"content":{"rendered":"<h4>CAMPOS DE APLICA\u00c7\u00c3O\/IMPERMEABILIZANTE:<\/h4>\n<p style=\"padding-left: 30px;\">\u2022 Lajes de cobertura;<br \/>\n\u2022 Muros de arrimo;<br \/>\n\u2022 Floreiras;<br \/>\n\u2022 Caixas d\u00b4agua;<br \/>\n\u2022 Rufos;<br \/>\n\u2022 Pisos;<br \/>\n\u2022 Terra\u00e7os;<br \/>\n\u2022 Calhas de concreto;<br \/>\n\u2022 \u00c1reas frias (banheiros, cozinhas, \u00e1reas de servi\u00e7o).<\/p>\n<p>&nbsp;<\/p>\n<h4>MODO DE APLICA\u00c7\u00c3O<\/h4>\n<p style=\"padding-left: 30px;\">Os substratos devem estar limpos, secos e livres umidade, gordura, poeira, ou part\u00edculas soltas. A estrutura\u00e7\u00e3o com tela de poli\u00e9ster aumenta a resist\u00eancia de determinados esfor\u00e7os que a membrana venha a sofrer devido \u00e0 movimenta\u00e7\u00e3o estrutural.<\/p>\n<p style=\"padding-left: 30px;\">Pode ser aplicado com broxa, escov\u00e3o macio ou rolo de l\u00e3, de 3 a 4 camadas finas sempre em sentido cruzado, sobre a superf\u00edcie seca. Misturar o produto antes da aplica\u00e7\u00e3o, utilizando ferramenta limpa a fim de evitar a sua contamina\u00e7\u00e3o.<\/p>\n<p style=\"padding-left: 30px;\">O produto \u00e9 viscoso, sendo necess\u00e1ria a dilui\u00e7\u00e3o com FORTECRIL ou \u00e1gua, numa propor\u00e7\u00e3o de 10 a 20%, nas duas primeiras dem\u00e3os. Intervalo de no m\u00ednimo 4 horas entre dem\u00e3os.<\/p>\n<p style=\"padding-left: 30px;\">\u00c1reas sujeitas \u00e0 movimenta\u00e7\u00e3o, tais como lajes, juntas, trincas, ralos e cantos, devem receber um refor\u00e7o de tela de poli\u00e9ster entre a primeira e a segunda camada. a impermeabiliza\u00e7\u00e3o deve subir entre 20 e 30 cm<br \/>\nAplicar IMPERMOCRIL em condi\u00e7\u00f5es clim\u00e1ticas est\u00e1veis.<\/p>\n<p>&nbsp;<\/p>\n<h4>UTILIZA\u00c7\u00d5ES<\/h4>\n<p style=\"padding-left: 30px;\">Impermeabiliza\u00e7\u00f5es de lajes de concreto, banheiros; sacadas; floreiras; cozinha; muro de arrimo; baldrames; piscinas, calhas met\u00e1lico ou concreto, jardineiras, janelas, telhados met\u00e1licos, fibrocimento, reservat\u00f3rios, ab\u00f3bodas, sheds.<\/p>\n<p style=\"padding-left: 30px;\">Aceita o assentamento direto de diversos tipos de revestimentos (pisos cer\u00e2micos, pastilhas, m\u00e1rmores, granitos,), em \u00e1rea externa com argamassa AC III.<\/p>\n<p style=\"padding-left: 30px;\">\u2022 Junta de dilata\u00e7\u00e3o;<br \/>\n\u2022 Aceita tinta acr\u00edlica elastom\u00e9rica.<\/p>\n<p>&nbsp;<\/p>\n<h4>RECOMENDA\u00c7\u00d5ES:<\/h4>\n<p style=\"padding-left: 30px;\">\u2022 O IMPERMOCRIL, como qualquer produto impermeabilizante n\u00e3o deve ter tr\u00e1fego direto sobre a camada (em caso de lajes e cobertura, fazer prote\u00e7\u00e3o mec\u00e2nica).<br \/>\n\u2022 Deve-se evitar impermeabiliza\u00e7\u00e3o onde exista press\u00e3o negativa.<br \/>\n\u2022 Consultar o nosso departamento t\u00e9cnico antes da aplica\u00e7\u00e3o de produto qu\u00edmico sobre o IMPERMOCRIL.<br \/>\n\u2022 Aguardar 3 dias depois da \u00faltima dem\u00e3o de IMPERMOCRIL e comprovar a estanqueidade do sistema. Para isso, vedar os ralos e deixar uma l\u00e2mina de \u00e1gua com cerca de 5 cm de altura, no m\u00ednimo, por 72 horas.<\/p>\n<p>&nbsp;<\/p>\n<h4>CARACTER\u00cdSTICAS DO IMPERMEABILIZANTE<\/h4>\n<p style=\"padding-left: 30px;\">\u2022 Apar\u00eancia: Cor branca;<br \/>\n\u2022 Composi\u00e7\u00e3o b\u00e1sica: Resina acr\u00edlica, cargas minerais e aditivos;<br \/>\n\u2022 Validade: 12 meses.<\/p>\n<p>&nbsp;<\/p>\n<h4>EMBALAGENS:<\/h4>\n<p style=\"padding-left: 30px;\">\u2022 Balde de 20 kg.<br \/>\n\u2022 Gal\u00e3o de 4 kg.<\/p>\n<p>&nbsp;<\/p>\n<h4>DADOS T\u00c9CNICOS<\/h4>\n<p style=\"padding-left: 30px;\"><strong>\u2022 Base<\/strong>: \u00c1gua;<br \/>\n<strong>\u2022 Consist\u00eancia:<\/strong> Baixa viscosidade;<br \/>\n<strong>\u2022 Sistema de secagem:<\/strong> F\u00edsica;<br \/>\n<strong>\u2022 Tempo de secagem entre dem\u00e3os:<\/strong> 4 a 5 horas;<br \/>\n<strong>\u2022 Tempo de secagem (cura total):<\/strong> 72 horas;<br \/>\n<strong>\u2022 Elasticidade:<\/strong> 300 %;<br \/>\n<strong>\u2022 Consumo \u2013 Lajes\/Pisos:<\/strong> 2 kg \/ m\u00b2;<br \/>\n<strong>\u2022 Consumo \u2013 Calhas:<\/strong> 1,5 kg \/ m\u00b2;<br \/>\n<strong>\u2022 Caixas d\u00b4agua, Floreiras, box, sacadas (\u00e1reas frias):<\/strong> 1,5 kg \/ m\u00b2.<\/p>\n<p>&nbsp;<\/p>\n<h4>INFORMA\u00c7\u00d5ES ADICIONAIS<\/h4>\n<p style=\"padding-left: 30px;\">Nossa assessoria t\u00e9cnica \u00e9 concedida de boa f\u00e9 sem implicar em qualquer garantia, inclusive no que se referem os direitos de terceiros. A referida assessoria n\u00e3o exime o cliente da avalia\u00e7\u00e3o, atrav\u00e9s de testes de adequa\u00e7\u00e3o do produto fornecido, para o uso e processamento desejados.<\/p>\n<p style=\"padding-left: 30px;\">A aplica\u00e7\u00e3o, uso e processamento dos produtos est\u00e3o fora do nosso controle e s\u00e3o, portanto de inteira responsabilidade do cliente. Garantimos, naturalmente, a qualidade dos nossos produtos dentro das nossas condi\u00e7\u00f5es gerais de venda e de limites de especifica\u00e7\u00e3o informados.<\/p>\n<p style=\"padding-left: 30px;\">A garantia se d\u00e1 quando os produtos forem por n\u00f3s aplicados, atrav\u00e9s de certificado de garantia dos servi\u00e7os.<\/p>\n","protected":false},"excerpt":{"rendered":"<p>Impermeabilizante de base acr\u00edlica e aplica\u00e7\u00e3o a frio. Cobre a estrutura com uma membrana imperme\u00e1vel com \u00f3timas caracter\u00edsticas de flexibilidade de f\u00e1cil aplica\u00e7\u00e3o, \u00e9 altamente resistente \u00e0s intemp\u00e9ries. \u00c9 indicado para \u00e1reas n\u00e3o sujeitas ao tr\u00e1fego de pessoas e ve\u00edculos.<\/p>\n","protected":false},"featured_media":2817,"comment_status":"open","ping_status":"closed","template":"","meta":{"ocean_post_layout":"right-sidebar","ocean_both_sidebars_style":"","ocean_both_sidebars_content_width":0,"ocean_both_sidebars_sidebars_width":0,"ocean_sidebar":"ocs-menu-loja","ocean_second_sidebar":"0","ocean_disable_margins":"on","ocean_add_body_class":"","ocean_shortcode_before_top_bar":"","ocean_shortcode_after_top_bar":"","ocean_shortcode_before_header":"","ocean_shortcode_after_header":"","ocean_has_shortcode":"","ocean_shortcode_after_title":"","ocean_shortcode_before_footer_widgets":"","ocean_shortcode_after_footer_widgets":"","ocean_shortcode_before_footer_bottom":"","ocean_shortcode_after_footer_bottom":"","ocean_display_top_bar":"off","ocean_display_header":"default","ocean_header_style":"custom","ocean_center_header_left_menu":"0","ocean_custom_header_template":"","ocean_custom_logo":0,"ocean_custom_retina_logo":0,"ocean_custom_logo_max_width":0,"ocean_custom_logo_tablet_max_width":0,"ocean_custom_logo_mobile_max_width":0,"ocean_custom_logo_max_height":0,"ocean_custom_logo_tablet_max_height":0,"ocean_custom_logo_mobile_max_height":0,"ocean_header_custom_menu":"0","ocean_menu_typo_font_family":"0","ocean_menu_typo_font_subset":"","ocean_menu_typo_font_size":0,"ocean_menu_typo_font_size_tablet":0,"ocean_menu_typo_font_size_mobile":0,"ocean_menu_typo_font_size_unit":"px","ocean_menu_typo_font_weight":"","ocean_menu_typo_font_weight_tablet":"","ocean_menu_typo_font_weight_mobile":"","ocean_menu_typo_transform":"","ocean_menu_typo_transform_tablet":"","ocean_menu_typo_transform_mobile":"","ocean_menu_typo_line_height":0,"ocean_menu_typo_line_height_tablet":0,"ocean_menu_typo_line_height_mobile":0,"ocean_menu_typo_line_height_unit":"","ocean_menu_typo_spacing":0,"ocean_menu_typo_spacing_tablet":0,"ocean_menu_typo_spacing_mobile":0,"ocean_menu_typo_spacing_unit":"","ocean_menu_link_color":"","ocean_menu_link_color_hover":"","ocean_menu_link_color_active":"","ocean_menu_link_background":"","ocean_menu_link_hover_background":"","ocean_menu_link_active_background":"","ocean_menu_social_links_bg":"","ocean_menu_social_hover_links_bg":"","ocean_menu_social_links_color":"","ocean_menu_social_hover_links_color":"","ocean_disable_title":"default","ocean_disable_heading":"on","ocean_post_title":"","ocean_post_subheading":"","ocean_post_title_style":"","ocean_post_title_background_color":"","ocean_post_title_background":0,"ocean_post_title_bg_image_position":"","ocean_post_title_bg_image_attachment":"","ocean_post_title_bg_image_repeat":"","ocean_post_title_bg_image_size":"","ocean_post_title_height":0,"ocean_post_title_bg_overlay":0.5,"ocean_post_title_bg_overlay_color":"","ocean_disable_breadcrumbs":"default","ocean_breadcrumbs_color":"","ocean_breadcrumbs_separator_color":"","ocean_breadcrumbs_links_color":"","ocean_breadcrumbs_links_hover_color":"","ocean_display_footer_widgets":"default","ocean_display_footer_bottom":"default","ocean_custom_footer_template":"0","omw_enable_modal_window":"enable"},"product_brand":[],"product_cat":[21],"product_tag":[],"class_list":{"0":"post-449","1":"product","2":"type-product","3":"status-publish","4":"has-post-thumbnail","6":"product_cat-impermeabilizantes","8":"entry","9":"has-media","11":"first","12":"instock","13":"shipping-taxable","14":"purchasable","15":"product-type-variable","16":"has-default-attributes","17":"col","18":"span_1_of_4","19":"owp-content-center","20":"owp-thumbs-layout-horizontal","21":"owp-btn-very-big","22":"owp-tabs-layout-vertical","23":"has-no-thumbnails","24":"circle-sale"},"yoast_head":"<!-- This site is optimized with the Yoast SEO plugin v27.4 - https:\/\/yoast.com\/product\/yoast-seo-wordpress\/ -->\n<title>Impermocril - Manta L\u00edquida Acr\u00edlica Impermeabilizante<\/title>\n<meta name=\"description\" content=\"Impermeabilizante de base acr\u00edlica e aplica\u00e7\u00e3o a frio. Cobre a estrutura com uma membrana imperme\u00e1vel com \u00f3timas caracter\u00edsticas de flexibilidade de f\u00e1cil aplica\u00e7\u00e3o, \u00e9 altamente resistente \u00e0s intemp\u00e9ries. \u00c9 indicado para \u00e1reas n\u00e3o sujeitas ao tr\u00e1fego de pessoas e ve\u00edculos.\" \/>\n<meta name=\"robots\" content=\"index, follow, max-snippet:-1, max-image-preview:large, max-video-preview:-1\" \/>\n<link rel=\"canonical\" href=\"https:\/\/revescor.com.br\/site\/produto\/impermeabilizantes\/impermocril-manta-liquida-acrilica-impermeabilizante-flexivel-e-resistente\/\" \/>\n<meta property=\"og:locale\" content=\"pt_BR\" \/>\n<meta property=\"og:type\" content=\"article\" \/>\n<meta property=\"og:title\" content=\"Impermocril - Manta L\u00edquida Acr\u00edlica Impermeabilizante\" \/>\n<meta property=\"og:description\" content=\"Impermeabilizante de base acr\u00edlica e aplica\u00e7\u00e3o a frio. Cobre a estrutura com uma membrana imperme\u00e1vel com \u00f3timas caracter\u00edsticas de flexibilidade de f\u00e1cil aplica\u00e7\u00e3o, \u00e9 altamente resistente \u00e0s intemp\u00e9ries. \u00c9 indicado para \u00e1reas n\u00e3o sujeitas ao tr\u00e1fego de pessoas e ve\u00edculos.\" \/>\n<meta property=\"og:url\" content=\"https:\/\/revescor.com.br\/site\/produto\/impermeabilizantes\/impermocril-manta-liquida-acrilica-impermeabilizante-flexivel-e-resistente\/\" \/>\n<meta property=\"og:site_name\" content=\"Revescor - Tintas, Texturas, Grafiatos e Acess\u00f3rios\" \/>\n<meta property=\"article:modified_time\" content=\"2022-07-27T19:51:15+00:00\" \/>\n<meta property=\"og:image\" content=\"https:\/\/revescor.com.br\/site\/wp-content\/uploads\/2018\/04\/baldes_revescor_07.png\" \/>\n\t<meta property=\"og:image:width\" content=\"674\" \/>\n\t<meta property=\"og:image:height\" content=\"1011\" \/>\n\t<meta property=\"og:image:type\" content=\"image\/png\" \/>\n<meta name=\"twitter:card\" content=\"summary_large_image\" \/>\n<meta name=\"twitter:label1\" content=\"Est. tempo de leitura\" \/>\n\t<meta name=\"twitter:data1\" content=\"3 minutos\" \/>\n<script type=\"application\/ld+json\" class=\"yoast-schema-graph\">{\"@context\":\"https:\\\/\\\/schema.org\",\"@graph\":[{\"@type\":\"WebPage\",\"@id\":\"https:\\\/\\\/revescor.com.br\\\/site\\\/produto\\\/impermeabilizantes\\\/impermocril-manta-liquida-acrilica-impermeabilizante-flexivel-e-resistente\\\/\",\"url\":\"https:\\\/\\\/revescor.com.br\\\/site\\\/produto\\\/impermeabilizantes\\\/impermocril-manta-liquida-acrilica-impermeabilizante-flexivel-e-resistente\\\/\",\"name\":\"Impermocril - Manta L\u00edquida Acr\u00edlica Impermeabilizante\",\"isPartOf\":{\"@id\":\"https:\\\/\\\/revescor.com.br\\\/site\\\/#website\"},\"primaryImageOfPage\":{\"@id\":\"https:\\\/\\\/revescor.com.br\\\/site\\\/produto\\\/impermeabilizantes\\\/impermocril-manta-liquida-acrilica-impermeabilizante-flexivel-e-resistente\\\/#primaryimage\"},\"image\":{\"@id\":\"https:\\\/\\\/revescor.com.br\\\/site\\\/produto\\\/impermeabilizantes\\\/impermocril-manta-liquida-acrilica-impermeabilizante-flexivel-e-resistente\\\/#primaryimage\"},\"thumbnailUrl\":\"https:\\\/\\\/revescor.com.br\\\/site\\\/wp-content\\\/uploads\\\/2018\\\/04\\\/baldes_revescor_07.png\",\"datePublished\":\"2018-04-13T03:46:21+00:00\",\"dateModified\":\"2022-07-27T19:51:15+00:00\",\"description\":\"Impermeabilizante de base acr\u00edlica e aplica\u00e7\u00e3o a frio. Cobre a estrutura com uma membrana imperme\u00e1vel com \u00f3timas caracter\u00edsticas de flexibilidade de f\u00e1cil aplica\u00e7\u00e3o, \u00e9 altamente resistente \u00e0s intemp\u00e9ries. \u00c9 indicado para \u00e1reas n\u00e3o sujeitas ao tr\u00e1fego de pessoas e ve\u00edculos.\",\"breadcrumb\":{\"@id\":\"https:\\\/\\\/revescor.com.br\\\/site\\\/produto\\\/impermeabilizantes\\\/impermocril-manta-liquida-acrilica-impermeabilizante-flexivel-e-resistente\\\/#breadcrumb\"},\"inLanguage\":\"pt-BR\",\"potentialAction\":[{\"@type\":\"ReadAction\",\"target\":[\"https:\\\/\\\/revescor.com.br\\\/site\\\/produto\\\/impermeabilizantes\\\/impermocril-manta-liquida-acrilica-impermeabilizante-flexivel-e-resistente\\\/\"]}]},{\"@type\":\"ImageObject\",\"inLanguage\":\"pt-BR\",\"@id\":\"https:\\\/\\\/revescor.com.br\\\/site\\\/produto\\\/impermeabilizantes\\\/impermocril-manta-liquida-acrilica-impermeabilizante-flexivel-e-resistente\\\/#primaryimage\",\"url\":\"https:\\\/\\\/revescor.com.br\\\/site\\\/wp-content\\\/uploads\\\/2018\\\/04\\\/baldes_revescor_07.png\",\"contentUrl\":\"https:\\\/\\\/revescor.com.br\\\/site\\\/wp-content\\\/uploads\\\/2018\\\/04\\\/baldes_revescor_07.png\",\"width\":674,\"height\":1011},{\"@type\":\"BreadcrumbList\",\"@id\":\"https:\\\/\\\/revescor.com.br\\\/site\\\/produto\\\/impermeabilizantes\\\/impermocril-manta-liquida-acrilica-impermeabilizante-flexivel-e-resistente\\\/#breadcrumb\",\"itemListElement\":[{\"@type\":\"ListItem\",\"position\":1,\"name\":\"In\u00edcio\",\"item\":\"https:\\\/\\\/revescor.com.br\\\/site\\\/\"},{\"@type\":\"ListItem\",\"position\":2,\"name\":\"Loja\",\"item\":\"https:\\\/\\\/revescor.com.br\\\/site\\\/loja\\\/\"},{\"@type\":\"ListItem\",\"position\":3,\"name\":\"Impermeabilizantes\",\"item\":\"https:\\\/\\\/revescor.com.br\\\/site\\\/categoria-produto\\\/impermeabilizantes\\\/\"},{\"@type\":\"ListItem\",\"position\":4,\"name\":\"Impermocril &#8211; Manta L\u00edquida Acr\u00edlica Impermeabilizante Flex\u00edvel e Resistente\"}]},{\"@type\":\"WebSite\",\"@id\":\"https:\\\/\\\/revescor.com.br\\\/site\\\/#website\",\"url\":\"https:\\\/\\\/revescor.com.br\\\/site\\\/\",\"name\":\"Revescor - Tintas, Texturas, Grafiatos e Acess\u00f3rios\",\"description\":\"A Revescor, com 20 anos de tradi\u00e7\u00e3o, \u00e9 especializada em texturas e grafiatos, assumimos a qualidade. Nossa equipe \u00e9 treinada para solucionar seus problemas.\",\"publisher\":{\"@id\":\"https:\\\/\\\/revescor.com.br\\\/site\\\/#organization\"},\"potentialAction\":[{\"@type\":\"SearchAction\",\"target\":{\"@type\":\"EntryPoint\",\"urlTemplate\":\"https:\\\/\\\/revescor.com.br\\\/site\\\/?s={search_term_string}\"},\"query-input\":{\"@type\":\"PropertyValueSpecification\",\"valueRequired\":true,\"valueName\":\"search_term_string\"}}],\"inLanguage\":\"pt-BR\"},{\"@type\":\"Organization\",\"@id\":\"https:\\\/\\\/revescor.com.br\\\/site\\\/#organization\",\"name\":\"REVESCOR INDUSTRIA E COMERCIO LTDA\",\"url\":\"https:\\\/\\\/revescor.com.br\\\/site\\\/\",\"logo\":{\"@type\":\"ImageObject\",\"inLanguage\":\"pt-BR\",\"@id\":\"https:\\\/\\\/revescor.com.br\\\/site\\\/#\\\/schema\\\/logo\\\/image\\\/\",\"url\":\"https:\\\/\\\/revescor.com.br\\\/site\\\/wp-content\\\/uploads\\\/2018\\\/06\\\/navbar-logo.png\",\"contentUrl\":\"https:\\\/\\\/revescor.com.br\\\/site\\\/wp-content\\\/uploads\\\/2018\\\/06\\\/navbar-logo.png\",\"width\":195,\"height\":36,\"caption\":\"REVESCOR INDUSTRIA E COMERCIO LTDA\"},\"image\":{\"@id\":\"https:\\\/\\\/revescor.com.br\\\/site\\\/#\\\/schema\\\/logo\\\/image\\\/\"}}]}<\/script>\n<!-- \/ Yoast SEO plugin. -->","yoast_head_json":{"title":"Impermocril - Manta L\u00edquida Acr\u00edlica Impermeabilizante","description":"Impermeabilizante de base acr\u00edlica e aplica\u00e7\u00e3o a frio. Cobre a estrutura com uma membrana imperme\u00e1vel com \u00f3timas caracter\u00edsticas de flexibilidade de f\u00e1cil aplica\u00e7\u00e3o, \u00e9 altamente resistente \u00e0s intemp\u00e9ries. \u00c9 indicado para \u00e1reas n\u00e3o sujeitas ao tr\u00e1fego de pessoas e ve\u00edculos.","robots":{"index":"index","follow":"follow","max-snippet":"max-snippet:-1","max-image-preview":"max-image-preview:large","max-video-preview":"max-video-preview:-1"},"canonical":"https:\/\/revescor.com.br\/site\/produto\/impermeabilizantes\/impermocril-manta-liquida-acrilica-impermeabilizante-flexivel-e-resistente\/","og_locale":"pt_BR","og_type":"article","og_title":"Impermocril - Manta L\u00edquida Acr\u00edlica Impermeabilizante","og_description":"Impermeabilizante de base acr\u00edlica e aplica\u00e7\u00e3o a frio. Cobre a estrutura com uma membrana imperme\u00e1vel com \u00f3timas caracter\u00edsticas de flexibilidade de f\u00e1cil aplica\u00e7\u00e3o, \u00e9 altamente resistente \u00e0s intemp\u00e9ries. \u00c9 indicado para \u00e1reas n\u00e3o sujeitas ao tr\u00e1fego de pessoas e ve\u00edculos.","og_url":"https:\/\/revescor.com.br\/site\/produto\/impermeabilizantes\/impermocril-manta-liquida-acrilica-impermeabilizante-flexivel-e-resistente\/","og_site_name":"Revescor - Tintas, Texturas, Grafiatos e Acess\u00f3rios","article_modified_time":"2022-07-27T19:51:15+00:00","og_image":[{"width":674,"height":1011,"url":"https:\/\/revescor.com.br\/site\/wp-content\/uploads\/2018\/04\/baldes_revescor_07.png","type":"image\/png"}],"twitter_card":"summary_large_image","twitter_misc":{"Est. tempo de leitura":"3 minutos"},"schema":{"@context":"https:\/\/schema.org","@graph":[{"@type":"WebPage","@id":"https:\/\/revescor.com.br\/site\/produto\/impermeabilizantes\/impermocril-manta-liquida-acrilica-impermeabilizante-flexivel-e-resistente\/","url":"https:\/\/revescor.com.br\/site\/produto\/impermeabilizantes\/impermocril-manta-liquida-acrilica-impermeabilizante-flexivel-e-resistente\/","name":"Impermocril - Manta L\u00edquida Acr\u00edlica Impermeabilizante","isPartOf":{"@id":"https:\/\/revescor.com.br\/site\/#website"},"primaryImageOfPage":{"@id":"https:\/\/revescor.com.br\/site\/produto\/impermeabilizantes\/impermocril-manta-liquida-acrilica-impermeabilizante-flexivel-e-resistente\/#primaryimage"},"image":{"@id":"https:\/\/revescor.com.br\/site\/produto\/impermeabilizantes\/impermocril-manta-liquida-acrilica-impermeabilizante-flexivel-e-resistente\/#primaryimage"},"thumbnailUrl":"https:\/\/revescor.com.br\/site\/wp-content\/uploads\/2018\/04\/baldes_revescor_07.png","datePublished":"2018-04-13T03:46:21+00:00","dateModified":"2022-07-27T19:51:15+00:00","description":"Impermeabilizante de base acr\u00edlica e aplica\u00e7\u00e3o a frio. Cobre a estrutura com uma membrana imperme\u00e1vel com \u00f3timas caracter\u00edsticas de flexibilidade de f\u00e1cil aplica\u00e7\u00e3o, \u00e9 altamente resistente \u00e0s intemp\u00e9ries. \u00c9 indicado para \u00e1reas n\u00e3o sujeitas ao tr\u00e1fego de pessoas e ve\u00edculos.","breadcrumb":{"@id":"https:\/\/revescor.com.br\/site\/produto\/impermeabilizantes\/impermocril-manta-liquida-acrilica-impermeabilizante-flexivel-e-resistente\/#breadcrumb"},"inLanguage":"pt-BR","potentialAction":[{"@type":"ReadAction","target":["https:\/\/revescor.com.br\/site\/produto\/impermeabilizantes\/impermocril-manta-liquida-acrilica-impermeabilizante-flexivel-e-resistente\/"]}]},{"@type":"ImageObject","inLanguage":"pt-BR","@id":"https:\/\/revescor.com.br\/site\/produto\/impermeabilizantes\/impermocril-manta-liquida-acrilica-impermeabilizante-flexivel-e-resistente\/#primaryimage","url":"https:\/\/revescor.com.br\/site\/wp-content\/uploads\/2018\/04\/baldes_revescor_07.png","contentUrl":"https:\/\/revescor.com.br\/site\/wp-content\/uploads\/2018\/04\/baldes_revescor_07.png","width":674,"height":1011},{"@type":"BreadcrumbList","@id":"https:\/\/revescor.com.br\/site\/produto\/impermeabilizantes\/impermocril-manta-liquida-acrilica-impermeabilizante-flexivel-e-resistente\/#breadcrumb","itemListElement":[{"@type":"ListItem","position":1,"name":"In\u00edcio","item":"https:\/\/revescor.com.br\/site\/"},{"@type":"ListItem","position":2,"name":"Loja","item":"https:\/\/revescor.com.br\/site\/loja\/"},{"@type":"ListItem","position":3,"name":"Impermeabilizantes","item":"https:\/\/revescor.com.br\/site\/categoria-produto\/impermeabilizantes\/"},{"@type":"ListItem","position":4,"name":"Impermocril &#8211; Manta L\u00edquida Acr\u00edlica Impermeabilizante Flex\u00edvel e Resistente"}]},{"@type":"WebSite","@id":"https:\/\/revescor.com.br\/site\/#website","url":"https:\/\/revescor.com.br\/site\/","name":"Revescor - Tintas, Texturas, Grafiatos e Acess\u00f3rios","description":"A Revescor, com 20 anos de tradi\u00e7\u00e3o, \u00e9 especializada em texturas e grafiatos, assumimos a qualidade. Nossa equipe \u00e9 treinada para solucionar seus problemas.","publisher":{"@id":"https:\/\/revescor.com.br\/site\/#organization"},"potentialAction":[{"@type":"SearchAction","target":{"@type":"EntryPoint","urlTemplate":"https:\/\/revescor.com.br\/site\/?s={search_term_string}"},"query-input":{"@type":"PropertyValueSpecification","valueRequired":true,"valueName":"search_term_string"}}],"inLanguage":"pt-BR"},{"@type":"Organization","@id":"https:\/\/revescor.com.br\/site\/#organization","name":"REVESCOR INDUSTRIA E COMERCIO LTDA","url":"https:\/\/revescor.com.br\/site\/","logo":{"@type":"ImageObject","inLanguage":"pt-BR","@id":"https:\/\/revescor.com.br\/site\/#\/schema\/logo\/image\/","url":"https:\/\/revescor.com.br\/site\/wp-content\/uploads\/2018\/06\/navbar-logo.png","contentUrl":"https:\/\/revescor.com.br\/site\/wp-content\/uploads\/2018\/06\/navbar-logo.png","width":195,"height":36,"caption":"REVESCOR INDUSTRIA E COMERCIO LTDA"},"image":{"@id":"https:\/\/revescor.com.br\/site\/#\/schema\/logo\/image\/"}}]}},"_links":{"self":[{"href":"https:\/\/revescor.com.br\/site\/wp-json\/wp\/v2\/product\/449","targetHints":{"allow":["GET"]}}],"collection":[{"href":"https:\/\/revescor.com.br\/site\/wp-json\/wp\/v2\/product"}],"about":[{"href":"https:\/\/revescor.com.br\/site\/wp-json\/wp\/v2\/types\/product"}],"replies":[{"embeddable":true,"href":"https:\/\/revescor.com.br\/site\/wp-json\/wp\/v2\/comments?post=449"}],"version-history":[{"count":19,"href":"https:\/\/revescor.com.br\/site\/wp-json\/wp\/v2\/product\/449\/revisions"}],"predecessor-version":[{"id":1103,"href":"https:\/\/revescor.com.br\/site\/wp-json\/wp\/v2\/product\/449\/revisions\/1103"}],"wp:featuredmedia":[{"embeddable":true,"href":"https:\/\/revescor.com.br\/site\/wp-json\/wp\/v2\/media\/2817"}],"wp:attachment":[{"href":"https:\/\/revescor.com.br\/site\/wp-json\/wp\/v2\/media?parent=449"}],"wp:term":[{"taxonomy":"product_brand","embeddable":true,"href":"https:\/\/revescor.com.br\/site\/wp-json\/wp\/v2\/product_brand?post=449"},{"taxonomy":"product_cat","embeddable":true,"href":"https:\/\/revescor.com.br\/site\/wp-json\/wp\/v2\/product_cat?post=449"},{"taxonomy":"product_tag","embeddable":true,"href":"https:\/\/revescor.com.br\/site\/wp-json\/wp\/v2\/product_tag?post=449"}],"curies":[{"name":"wp","href":"https:\/\/api.w.org\/{rel}","templated":true}]}}