 {"id":761,"date":"2018-04-20T16:35:19","date_gmt":"2018-04-20T19:35:19","guid":{"rendered":"https:\/\/revescor.com.br\/site\/?post_type=product&#038;p=761"},"modified":"2025-08-19T13:12:24","modified_gmt":"2025-08-19T16:12:24","slug":"fortecril-resina-impermeabilizante-acrilica-multiuso","status":"publish","type":"product","link":"https:\/\/revescor.com.br\/site\/produto\/novidades\/fortecril-resina-impermeabilizante-acrilica-multiuso\/","title":{"rendered":"Fortecril &#8211; Resina L\u00edquida Impermeabilizante Acr\u00edlica Multiuso"},"content":{"rendered":"<h4>CARACTER\u00cdSTICAS T\u00c9CNIAS:<\/h4>\n<p style=\"padding-left: 30px;\">O Impermeabilizante apresenta-se como um l\u00edquido branco leitoso n\u00e3o inflam\u00e1vel e n\u00e3o pegajoso.<\/p>\n<p>&nbsp;<\/p>\n<h4>UTILIZA\u00c7\u00c3O:<\/h4>\n<p style=\"padding-left: 30px;\">\u2022 Telhas de barro;<br \/>\n\u2022 Concreto e fibrocimento;<br \/>\n\u2022 Tijolo \u00e0 vista;<br \/>\n\u2022 Concreto aparente;<br \/>\n\u2022 Produtos cer\u00e2micos porosos.<\/p>\n<p style=\"padding-left: 30px;\"><strong>Observa\u00e7\u00e3o:<\/strong> O produto n\u00e3o pode ser aplicado em cer\u00e2micas vitrificadas ou substratos que n\u00e3o tenham porosidade.<\/p>\n<p>&nbsp;<\/p>\n<h4>APLICA\u00c7\u00c3O<\/h4>\n<p style=\"padding-left: 30px;\">Rolo, pincel, trincha, pistola ou imers\u00e3o.<\/p>\n<p>&nbsp;<\/p>\n<h4>CURA<\/h4>\n<p style=\"padding-left: 30px;\">Processa-se nas tr\u00eas primeiras horas de sua aplica\u00e7\u00e3o em temperatura acima de 18 graus.<\/p>\n<p>&nbsp;<\/p>\n<h4>ACABAMENTO<\/h4>\n<p style=\"padding-left: 30px;\">Acetinado.<\/p>\n<p>&nbsp;<\/p>\n<h4>RENDIMENTO:<\/h4>\n<p style=\"padding-left: 30px;\">Vari\u00e1vel conforme o substrato aplicado, por\u00e9m estima-se:<\/p>\n<p style=\"padding-left: 30px;\">\u2022 Produtos Cer\u00e2micos (telhas e tijolos) entre 8 a 10 m\u00b2\/litro por dem\u00e3o;<br \/>\n\u2022 Concreto aparente e fibrocimento entre 10 a 15 m\u00b2\/litro.<\/p>\n<p>&nbsp;<\/p>\n<h4>RECOMENDA\u00c7\u00d5ES:<\/h4>\n<p style=\"padding-left: 30px;\">\u2022 \u00c9 de f\u00e1cil aplica\u00e7\u00e3o evitando que cer\u00e2micas (telhas, tijolos, concreto aparente e fibrocimento) se deteriore precocemente;<br \/>\n\u2022 Podem ser aplicadas sobre madeiras, pedras decorativas (que tenham alta porosidade), gesso, etc;<br \/>\n\u2022 Evita que o substrato fique encardido, pois lacra seus poros e impossibilita a penetra\u00e7\u00e3o de sujeira;<br \/>\n\u2022 Pode ser utilizado como diluente de tintas na propor\u00e7\u00e3o de 10 a 20% oferecendo assim maior resist\u00eancia;<br \/>\n\u2022 Quando aplicado sobre substratos velhos (repintura), faz com que a pintura antiga ancore-se no substrato, funciona como fundo preparador, fazendo assim com que a nova pintura fique aderida a um substrato firme;<br \/>\n\u2022 N\u00e3o aplicar com temperatura abaixo de 10 graus e umidade superior a 80%;<br \/>\n\u2022 N\u00e3o pode ter tr\u00e1fego direto sobre o produto.<\/p>\n<p>&nbsp;<\/p>\n<h4>EMBALAGENS:<\/h4>\n<p style=\"padding-left: 30px;\">\u2022 Balde 18 litros<br \/>\n\u2022 Gal\u00e3o 3,6 litros<br \/>\n\u2022 Caixa c\/12 unidades de 1000 ml<\/p>\n<p>&nbsp;<\/p>\n<h4>ACABAMENTO<\/h4>\n<p style=\"padding-left: 30px;\">Nossa assessoria t\u00e9cnica \u00e9 concedida de boa f\u00e9 sem implicar em qualquer garantia, inclusive no que se referem os direitos de terceiros. A referida assessoria n\u00e3o exime o cliente da avalia\u00e7\u00e3o, atrav\u00e9s de testes de adequa\u00e7\u00e3o do produto fornecido, para o uso e processamento desejados.<\/p>\n<p style=\"padding-left: 30px;\">A aplica\u00e7\u00e3o, uso e processamento dos produtos est\u00e3o fora do nosso controle e s\u00e3o, portanto de inteira responsabilidade do cliente. Garantimos, naturalmente, a qualidade dos nossos produtos dentro das nossas condi\u00e7\u00f5es gerais de venda e de limites de especifica\u00e7\u00e3o informados.<\/p>\n<p style=\"padding-left: 30px;\">A garantia se d\u00e1 quando os produtos forem por n\u00f3s aplicados, atrav\u00e9s de certificado de garantia dos servi\u00e7os.<\/p>\n","protected":false},"excerpt":{"rendered":"<p>Impermeabilizante acr\u00edlico incolor, indicado para telhas, tijolos, concreto aparente, fibrocimento e cer\u00e2micas em geral. D\u00e1 brilho, protege e embeleza por longo tempo. Evita manchas, efloresc\u00eancia e escurecimento do rejunte.<\/p>\n","protected":false},"featured_media":2819,"comment_status":"open","ping_status":"closed","template":"","meta":{"ocean_post_layout":"right-sidebar","ocean_both_sidebars_style":"","ocean_both_sidebars_content_width":0,"ocean_both_sidebars_sidebars_width":0,"ocean_sidebar":"ocs-menu-loja","ocean_second_sidebar":"0","ocean_disable_margins":"on","ocean_add_body_class":"","ocean_shortcode_before_top_bar":"","ocean_shortcode_after_top_bar":"","ocean_shortcode_before_header":"","ocean_shortcode_after_header":"","ocean_has_shortcode":"","ocean_shortcode_after_title":"","ocean_shortcode_before_footer_widgets":"","ocean_shortcode_after_footer_widgets":"","ocean_shortcode_before_footer_bottom":"","ocean_shortcode_after_footer_bottom":"","ocean_display_top_bar":"off","ocean_display_header":"default","ocean_header_style":"custom","ocean_center_header_left_menu":"0","ocean_custom_header_template":"0","ocean_custom_logo":0,"ocean_custom_retina_logo":0,"ocean_custom_logo_max_width":0,"ocean_custom_logo_tablet_max_width":0,"ocean_custom_logo_mobile_max_width":0,"ocean_custom_logo_max_height":0,"ocean_custom_logo_tablet_max_height":0,"ocean_custom_logo_mobile_max_height":0,"ocean_header_custom_menu":"0","ocean_menu_typo_font_family":"0","ocean_menu_typo_font_subset":"","ocean_menu_typo_font_size":0,"ocean_menu_typo_font_size_tablet":0,"ocean_menu_typo_font_size_mobile":0,"ocean_menu_typo_font_size_unit":"px","ocean_menu_typo_font_weight":"","ocean_menu_typo_font_weight_tablet":"","ocean_menu_typo_font_weight_mobile":"","ocean_menu_typo_transform":"","ocean_menu_typo_transform_tablet":"","ocean_menu_typo_transform_mobile":"","ocean_menu_typo_line_height":0,"ocean_menu_typo_line_height_tablet":0,"ocean_menu_typo_line_height_mobile":0,"ocean_menu_typo_line_height_unit":"","ocean_menu_typo_spacing":0,"ocean_menu_typo_spacing_tablet":0,"ocean_menu_typo_spacing_mobile":0,"ocean_menu_typo_spacing_unit":"","ocean_menu_link_color":"","ocean_menu_link_color_hover":"","ocean_menu_link_color_active":"","ocean_menu_link_background":"","ocean_menu_link_hover_background":"","ocean_menu_link_active_background":"","ocean_menu_social_links_bg":"","ocean_menu_social_hover_links_bg":"","ocean_menu_social_links_color":"","ocean_menu_social_hover_links_color":"","ocean_disable_title":"default","ocean_disable_heading":"on","ocean_post_title":"","ocean_post_subheading":"","ocean_post_title_style":"","ocean_post_title_background_color":"","ocean_post_title_background":0,"ocean_post_title_bg_image_position":"","ocean_post_title_bg_image_attachment":"","ocean_post_title_bg_image_repeat":"","ocean_post_title_bg_image_size":"","ocean_post_title_height":0,"ocean_post_title_bg_overlay":0.5,"ocean_post_title_bg_overlay_color":"","ocean_disable_breadcrumbs":"off","ocean_breadcrumbs_color":"","ocean_breadcrumbs_separator_color":"","ocean_breadcrumbs_links_color":"","ocean_breadcrumbs_links_hover_color":"","ocean_display_footer_widgets":"default","ocean_display_footer_bottom":"default","ocean_custom_footer_template":"0","omw_enable_modal_window":"enable"},"product_brand":[],"product_cat":[21,20],"product_tag":[],"class_list":{"0":"post-761","1":"product","2":"type-product","3":"status-publish","4":"has-post-thumbnail","6":"product_cat-impermeabilizantes","7":"product_cat-novidades","9":"entry","10":"has-media","12":"first","13":"instock","14":"shipping-taxable","15":"purchasable","16":"product-type-variable","17":"col","18":"span_1_of_4","19":"owp-content-center","20":"owp-thumbs-layout-horizontal","21":"owp-btn-very-big","22":"owp-tabs-layout-vertical","23":"has-no-thumbnails","24":"circle-sale"},"yoast_head":"<!-- This site is optimized with the Yoast SEO plugin v27.4 - https:\/\/yoast.com\/product\/yoast-seo-wordpress\/ -->\n<title>Fortecril \u2013 Resina L\u00edquida Impermeabilizante Acr\u00edlica Multiuso<\/title>\n<meta name=\"description\" content=\"Impermeabilizante acr\u00edlico incolor, indicado para telhas, tijolos, concreto aparente, fibrocimento e cer\u00e2micas em geral. D\u00e1 brilho, protege e embeleza por longo tempo. Evita manchas, efloresc\u00eancia e escurecimento do rejunte.\" \/>\n<meta name=\"robots\" content=\"index, follow, max-snippet:-1, max-image-preview:large, max-video-preview:-1\" \/>\n<link rel=\"canonical\" href=\"https:\/\/revescor.com.br\/site\/produto\/novidades\/fortecril-resina-impermeabilizante-acrilica-multiuso\/\" \/>\n<meta property=\"og:locale\" content=\"pt_BR\" \/>\n<meta property=\"og:type\" content=\"article\" \/>\n<meta property=\"og:title\" content=\"Fortecril \u2013 Resina L\u00edquida Impermeabilizante Acr\u00edlica Multiuso\" \/>\n<meta property=\"og:description\" content=\"Impermeabilizante acr\u00edlico incolor, indicado para telhas, tijolos, concreto aparente, fibrocimento e cer\u00e2micas em geral. D\u00e1 brilho, protege e embeleza por longo tempo. Evita manchas, efloresc\u00eancia e escurecimento do rejunte.\" \/>\n<meta property=\"og:url\" content=\"https:\/\/revescor.com.br\/site\/produto\/novidades\/fortecril-resina-impermeabilizante-acrilica-multiuso\/\" \/>\n<meta property=\"og:site_name\" content=\"Revescor - Tintas, Texturas, Grafiatos e Acess\u00f3rios\" \/>\n<meta property=\"article:modified_time\" content=\"2025-08-19T16:12:24+00:00\" \/>\n<meta property=\"og:image\" content=\"https:\/\/revescor.com.br\/site\/wp-content\/uploads\/2018\/04\/baldes_revescor_09.png\" \/>\n\t<meta property=\"og:image:width\" content=\"674\" \/>\n\t<meta property=\"og:image:height\" content=\"1011\" \/>\n\t<meta property=\"og:image:type\" content=\"image\/png\" \/>\n<meta name=\"twitter:card\" content=\"summary_large_image\" \/>\n<meta name=\"twitter:label1\" content=\"Est. tempo de leitura\" \/>\n\t<meta name=\"twitter:data1\" content=\"2 minutos\" \/>\n<script type=\"application\/ld+json\" class=\"yoast-schema-graph\">{\"@context\":\"https:\\\/\\\/schema.org\",\"@graph\":[{\"@type\":\"WebPage\",\"@id\":\"https:\\\/\\\/revescor.com.br\\\/site\\\/produto\\\/novidades\\\/fortecril-resina-impermeabilizante-acrilica-multiuso\\\/\",\"url\":\"https:\\\/\\\/revescor.com.br\\\/site\\\/produto\\\/novidades\\\/fortecril-resina-impermeabilizante-acrilica-multiuso\\\/\",\"name\":\"Fortecril \u2013 Resina L\u00edquida Impermeabilizante Acr\u00edlica Multiuso\",\"isPartOf\":{\"@id\":\"https:\\\/\\\/revescor.com.br\\\/site\\\/#website\"},\"primaryImageOfPage\":{\"@id\":\"https:\\\/\\\/revescor.com.br\\\/site\\\/produto\\\/novidades\\\/fortecril-resina-impermeabilizante-acrilica-multiuso\\\/#primaryimage\"},\"image\":{\"@id\":\"https:\\\/\\\/revescor.com.br\\\/site\\\/produto\\\/novidades\\\/fortecril-resina-impermeabilizante-acrilica-multiuso\\\/#primaryimage\"},\"thumbnailUrl\":\"https:\\\/\\\/revescor.com.br\\\/site\\\/wp-content\\\/uploads\\\/2018\\\/04\\\/baldes_revescor_09.png\",\"datePublished\":\"2018-04-20T19:35:19+00:00\",\"dateModified\":\"2025-08-19T16:12:24+00:00\",\"description\":\"Impermeabilizante acr\u00edlico incolor, indicado para telhas, tijolos, concreto aparente, fibrocimento e cer\u00e2micas em geral. D\u00e1 brilho, protege e embeleza por longo tempo. Evita manchas, efloresc\u00eancia e escurecimento do rejunte.\",\"breadcrumb\":{\"@id\":\"https:\\\/\\\/revescor.com.br\\\/site\\\/produto\\\/novidades\\\/fortecril-resina-impermeabilizante-acrilica-multiuso\\\/#breadcrumb\"},\"inLanguage\":\"pt-BR\",\"potentialAction\":[{\"@type\":\"ReadAction\",\"target\":[\"https:\\\/\\\/revescor.com.br\\\/site\\\/produto\\\/novidades\\\/fortecril-resina-impermeabilizante-acrilica-multiuso\\\/\"]}]},{\"@type\":\"ImageObject\",\"inLanguage\":\"pt-BR\",\"@id\":\"https:\\\/\\\/revescor.com.br\\\/site\\\/produto\\\/novidades\\\/fortecril-resina-impermeabilizante-acrilica-multiuso\\\/#primaryimage\",\"url\":\"https:\\\/\\\/revescor.com.br\\\/site\\\/wp-content\\\/uploads\\\/2018\\\/04\\\/baldes_revescor_09.png\",\"contentUrl\":\"https:\\\/\\\/revescor.com.br\\\/site\\\/wp-content\\\/uploads\\\/2018\\\/04\\\/baldes_revescor_09.png\",\"width\":674,\"height\":1011},{\"@type\":\"BreadcrumbList\",\"@id\":\"https:\\\/\\\/revescor.com.br\\\/site\\\/produto\\\/novidades\\\/fortecril-resina-impermeabilizante-acrilica-multiuso\\\/#breadcrumb\",\"itemListElement\":[{\"@type\":\"ListItem\",\"position\":1,\"name\":\"In\u00edcio\",\"item\":\"https:\\\/\\\/revescor.com.br\\\/site\\\/\"},{\"@type\":\"ListItem\",\"position\":2,\"name\":\"Loja\",\"item\":\"https:\\\/\\\/revescor.com.br\\\/site\\\/loja\\\/\"},{\"@type\":\"ListItem\",\"position\":3,\"name\":\"Impermeabilizantes\",\"item\":\"https:\\\/\\\/revescor.com.br\\\/site\\\/categoria-produto\\\/impermeabilizantes\\\/\"},{\"@type\":\"ListItem\",\"position\":4,\"name\":\"Fortecril &#8211; Resina L\u00edquida Impermeabilizante Acr\u00edlica Multiuso\"}]},{\"@type\":\"WebSite\",\"@id\":\"https:\\\/\\\/revescor.com.br\\\/site\\\/#website\",\"url\":\"https:\\\/\\\/revescor.com.br\\\/site\\\/\",\"name\":\"Revescor - Tintas, Texturas, Grafiatos e Acess\u00f3rios\",\"description\":\"A Revescor, com 20 anos de tradi\u00e7\u00e3o, \u00e9 especializada em texturas e grafiatos, assumimos a qualidade. Nossa equipe \u00e9 treinada para solucionar seus problemas.\",\"publisher\":{\"@id\":\"https:\\\/\\\/revescor.com.br\\\/site\\\/#organization\"},\"potentialAction\":[{\"@type\":\"SearchAction\",\"target\":{\"@type\":\"EntryPoint\",\"urlTemplate\":\"https:\\\/\\\/revescor.com.br\\\/site\\\/?s={search_term_string}\"},\"query-input\":{\"@type\":\"PropertyValueSpecification\",\"valueRequired\":true,\"valueName\":\"search_term_string\"}}],\"inLanguage\":\"pt-BR\"},{\"@type\":\"Organization\",\"@id\":\"https:\\\/\\\/revescor.com.br\\\/site\\\/#organization\",\"name\":\"REVESCOR INDUSTRIA E COMERCIO LTDA\",\"url\":\"https:\\\/\\\/revescor.com.br\\\/site\\\/\",\"logo\":{\"@type\":\"ImageObject\",\"inLanguage\":\"pt-BR\",\"@id\":\"https:\\\/\\\/revescor.com.br\\\/site\\\/#\\\/schema\\\/logo\\\/image\\\/\",\"url\":\"https:\\\/\\\/revescor.com.br\\\/site\\\/wp-content\\\/uploads\\\/2018\\\/06\\\/navbar-logo.png\",\"contentUrl\":\"https:\\\/\\\/revescor.com.br\\\/site\\\/wp-content\\\/uploads\\\/2018\\\/06\\\/navbar-logo.png\",\"width\":195,\"height\":36,\"caption\":\"REVESCOR INDUSTRIA E COMERCIO LTDA\"},\"image\":{\"@id\":\"https:\\\/\\\/revescor.com.br\\\/site\\\/#\\\/schema\\\/logo\\\/image\\\/\"}}]}<\/script>\n<!-- \/ Yoast SEO plugin. -->","yoast_head_json":{"title":"Fortecril \u2013 Resina L\u00edquida Impermeabilizante Acr\u00edlica Multiuso","description":"Impermeabilizante acr\u00edlico incolor, indicado para telhas, tijolos, concreto aparente, fibrocimento e cer\u00e2micas em geral. D\u00e1 brilho, protege e embeleza por longo tempo. Evita manchas, efloresc\u00eancia e escurecimento do rejunte.","robots":{"index":"index","follow":"follow","max-snippet":"max-snippet:-1","max-image-preview":"max-image-preview:large","max-video-preview":"max-video-preview:-1"},"canonical":"https:\/\/revescor.com.br\/site\/produto\/novidades\/fortecril-resina-impermeabilizante-acrilica-multiuso\/","og_locale":"pt_BR","og_type":"article","og_title":"Fortecril \u2013 Resina L\u00edquida Impermeabilizante Acr\u00edlica Multiuso","og_description":"Impermeabilizante acr\u00edlico incolor, indicado para telhas, tijolos, concreto aparente, fibrocimento e cer\u00e2micas em geral. D\u00e1 brilho, protege e embeleza por longo tempo. Evita manchas, efloresc\u00eancia e escurecimento do rejunte.","og_url":"https:\/\/revescor.com.br\/site\/produto\/novidades\/fortecril-resina-impermeabilizante-acrilica-multiuso\/","og_site_name":"Revescor - Tintas, Texturas, Grafiatos e Acess\u00f3rios","article_modified_time":"2025-08-19T16:12:24+00:00","og_image":[{"width":674,"height":1011,"url":"https:\/\/revescor.com.br\/site\/wp-content\/uploads\/2018\/04\/baldes_revescor_09.png","type":"image\/png"}],"twitter_card":"summary_large_image","twitter_misc":{"Est. tempo de leitura":"2 minutos"},"schema":{"@context":"https:\/\/schema.org","@graph":[{"@type":"WebPage","@id":"https:\/\/revescor.com.br\/site\/produto\/novidades\/fortecril-resina-impermeabilizante-acrilica-multiuso\/","url":"https:\/\/revescor.com.br\/site\/produto\/novidades\/fortecril-resina-impermeabilizante-acrilica-multiuso\/","name":"Fortecril \u2013 Resina L\u00edquida Impermeabilizante Acr\u00edlica Multiuso","isPartOf":{"@id":"https:\/\/revescor.com.br\/site\/#website"},"primaryImageOfPage":{"@id":"https:\/\/revescor.com.br\/site\/produto\/novidades\/fortecril-resina-impermeabilizante-acrilica-multiuso\/#primaryimage"},"image":{"@id":"https:\/\/revescor.com.br\/site\/produto\/novidades\/fortecril-resina-impermeabilizante-acrilica-multiuso\/#primaryimage"},"thumbnailUrl":"https:\/\/revescor.com.br\/site\/wp-content\/uploads\/2018\/04\/baldes_revescor_09.png","datePublished":"2018-04-20T19:35:19+00:00","dateModified":"2025-08-19T16:12:24+00:00","description":"Impermeabilizante acr\u00edlico incolor, indicado para telhas, tijolos, concreto aparente, fibrocimento e cer\u00e2micas em geral. D\u00e1 brilho, protege e embeleza por longo tempo. Evita manchas, efloresc\u00eancia e escurecimento do rejunte.","breadcrumb":{"@id":"https:\/\/revescor.com.br\/site\/produto\/novidades\/fortecril-resina-impermeabilizante-acrilica-multiuso\/#breadcrumb"},"inLanguage":"pt-BR","potentialAction":[{"@type":"ReadAction","target":["https:\/\/revescor.com.br\/site\/produto\/novidades\/fortecril-resina-impermeabilizante-acrilica-multiuso\/"]}]},{"@type":"ImageObject","inLanguage":"pt-BR","@id":"https:\/\/revescor.com.br\/site\/produto\/novidades\/fortecril-resina-impermeabilizante-acrilica-multiuso\/#primaryimage","url":"https:\/\/revescor.com.br\/site\/wp-content\/uploads\/2018\/04\/baldes_revescor_09.png","contentUrl":"https:\/\/revescor.com.br\/site\/wp-content\/uploads\/2018\/04\/baldes_revescor_09.png","width":674,"height":1011},{"@type":"BreadcrumbList","@id":"https:\/\/revescor.com.br\/site\/produto\/novidades\/fortecril-resina-impermeabilizante-acrilica-multiuso\/#breadcrumb","itemListElement":[{"@type":"ListItem","position":1,"name":"In\u00edcio","item":"https:\/\/revescor.com.br\/site\/"},{"@type":"ListItem","position":2,"name":"Loja","item":"https:\/\/revescor.com.br\/site\/loja\/"},{"@type":"ListItem","position":3,"name":"Impermeabilizantes","item":"https:\/\/revescor.com.br\/site\/categoria-produto\/impermeabilizantes\/"},{"@type":"ListItem","position":4,"name":"Fortecril &#8211; Resina L\u00edquida Impermeabilizante Acr\u00edlica Multiuso"}]},{"@type":"WebSite","@id":"https:\/\/revescor.com.br\/site\/#website","url":"https:\/\/revescor.com.br\/site\/","name":"Revescor - Tintas, Texturas, Grafiatos e Acess\u00f3rios","description":"A Revescor, com 20 anos de tradi\u00e7\u00e3o, \u00e9 especializada em texturas e grafiatos, assumimos a qualidade. Nossa equipe \u00e9 treinada para solucionar seus problemas.","publisher":{"@id":"https:\/\/revescor.com.br\/site\/#organization"},"potentialAction":[{"@type":"SearchAction","target":{"@type":"EntryPoint","urlTemplate":"https:\/\/revescor.com.br\/site\/?s={search_term_string}"},"query-input":{"@type":"PropertyValueSpecification","valueRequired":true,"valueName":"search_term_string"}}],"inLanguage":"pt-BR"},{"@type":"Organization","@id":"https:\/\/revescor.com.br\/site\/#organization","name":"REVESCOR INDUSTRIA E COMERCIO LTDA","url":"https:\/\/revescor.com.br\/site\/","logo":{"@type":"ImageObject","inLanguage":"pt-BR","@id":"https:\/\/revescor.com.br\/site\/#\/schema\/logo\/image\/","url":"https:\/\/revescor.com.br\/site\/wp-content\/uploads\/2018\/06\/navbar-logo.png","contentUrl":"https:\/\/revescor.com.br\/site\/wp-content\/uploads\/2018\/06\/navbar-logo.png","width":195,"height":36,"caption":"REVESCOR INDUSTRIA E COMERCIO LTDA"},"image":{"@id":"https:\/\/revescor.com.br\/site\/#\/schema\/logo\/image\/"}}]}},"_links":{"self":[{"href":"https:\/\/revescor.com.br\/site\/wp-json\/wp\/v2\/product\/761","targetHints":{"allow":["GET"]}}],"collection":[{"href":"https:\/\/revescor.com.br\/site\/wp-json\/wp\/v2\/product"}],"about":[{"href":"https:\/\/revescor.com.br\/site\/wp-json\/wp\/v2\/types\/product"}],"replies":[{"embeddable":true,"href":"https:\/\/revescor.com.br\/site\/wp-json\/wp\/v2\/comments?post=761"}],"version-history":[{"count":10,"href":"https:\/\/revescor.com.br\/site\/wp-json\/wp\/v2\/product\/761\/revisions"}],"predecessor-version":[{"id":1101,"href":"https:\/\/revescor.com.br\/site\/wp-json\/wp\/v2\/product\/761\/revisions\/1101"}],"wp:featuredmedia":[{"embeddable":true,"href":"https:\/\/revescor.com.br\/site\/wp-json\/wp\/v2\/media\/2819"}],"wp:attachment":[{"href":"https:\/\/revescor.com.br\/site\/wp-json\/wp\/v2\/media?parent=761"}],"wp:term":[{"taxonomy":"product_brand","embeddable":true,"href":"https:\/\/revescor.com.br\/site\/wp-json\/wp\/v2\/product_brand?post=761"},{"taxonomy":"product_cat","embeddable":true,"href":"https:\/\/revescor.com.br\/site\/wp-json\/wp\/v2\/product_cat?post=761"},{"taxonomy":"product_tag","embeddable":true,"href":"https:\/\/revescor.com.br\/site\/wp-json\/wp\/v2\/product_tag?post=761"}],"curies":[{"name":"wp","href":"https:\/\/api.w.org\/{rel}","templated":true}]}}