 {"id":778,"date":"2018-04-20T16:47:48","date_gmt":"2018-04-20T19:47:48","guid":{"rendered":"https:\/\/revescor.com.br\/site\/?post_type=product&#038;p=778"},"modified":"2025-08-19T13:12:08","modified_gmt":"2025-08-19T16:12:08","slug":"juntacril-selante-acrilico-para-tratamento-de-trincas-fissuras-e-vedacao","status":"publish","type":"product","link":"https:\/\/revescor.com.br\/site\/produto\/novidades\/juntacril-selante-acrilico-para-tratamento-de-trincas-fissuras-e-vedacao\/","title":{"rendered":"Juntacril \u2013 Selante Acr\u00edlico para Tratamento de Trincas Fissuras e Veda\u00e7\u00e3o"},"content":{"rendered":"<h4>DIFERENCIAIS<\/h4>\n<p style=\"padding-left: 30px;\">O selante possui \u00f3tima ader\u00eancia sobre diversos substratos, f\u00e1cil aplica\u00e7\u00e3o, grande poder de enchimento, elasticidade permanente, o que possibilita acompanhar a movimenta\u00e7\u00e3o natural das trincas e fissuras.<\/p>\n<p style=\"padding-left: 30px;\"><strong>Diluente:<\/strong> N\u00e3o aplic\u00e1vel.<br \/>\n<strong>Rendimento:<\/strong> De acordo com a espessura da fissura.<br \/>\n<strong>N\u00famero de dem\u00e3os:<\/strong> De acordo com a espessura da fissura.<br \/>\n<strong>Instrumento de pintura:<\/strong> Esp\u00e1tula de a\u00e7o, com aplicador.<br \/>\n<strong>Secagem:<\/strong> Ao toque 4 horas \/ final, de acordo com a espessura da fissura.<br \/>\n<strong>Limpeza \/ Manuten\u00e7\u00e3o:<\/strong> Pano \u00famido.<\/p>\n<p>&nbsp;<\/p>\n<h4>DADOS DA APLICA\u00c7\u00c3O<\/h4>\n<p style=\"padding-left: 30px;\">\u2022 Manchas de gordura, graxa, devem ser eliminadas com solu\u00e7\u00e3o de \u00e1gua e detergente.<br \/>\n\u2022 Partes com mofo devem ser eliminadas, lavando a superf\u00edcie com \u00e1gua sanit\u00e1ria. Ap\u00f3s limpeza, aguardar a \u2022 secagem da \u00e1rea tratada.<br \/>\n\u2022 Por se tratar de um produto flex\u00edvel o per\u00edodo de secagem \u00e9 maior se comparado a outros produtos de pintura.<br \/>\n\u2022 Deve-se aguardar o tempo indicado, para melhor desempenho.<br \/>\n\u2022 N\u00e3o aplicar a segunda dem\u00e3o sem observar o intervalo m\u00ednimo de 24 horas, que \u00e9 o tempo necess\u00e1rio para a retra\u00e7\u00e3o do produto.<\/p>\n<p>&nbsp;<\/p>\n<h4>RECOMENDA\u00c7\u00d5ES<\/h4>\n<p style=\"padding-left: 30px;\">\u2022 Manter a embalagem fechada, fora do alcance de crian\u00e7as e animais dom\u00e9sticos.<br \/>\n\u2022 N\u00e3o reutilizar a embalagem.<br \/>\n\u2022 Armazenar em local coberto, fresco, longe de fontes de calor.<br \/>\n\u2022 Manter o ambiente de aplica\u00e7\u00e3o ventilado.<br \/>\n\u2022 Utilizar EPI,s durante a execu\u00e7\u00e3o dos servi\u00e7os.<br \/>\n\u2022 Em caso de inala\u00e7\u00e3o prolongada, procurar local ventilado.<br \/>\n\u2022 Se ingerido n\u00e3o provoque vomito, consultar m\u00e9dico, levando consigo embalagem do produto.<br \/>\n\u2022 Embalagem vazia deve ser disponibilizada para reciclagem.<\/p>\n","protected":false},"excerpt":{"rendered":"<p>Juntacril \u00e9 um m\u00e1stique (resina) acr\u00edlico extremamente flex\u00edvel, desenvolvida para ter uma \u00f3tima fixa\u00e7\u00e3o. Sua formula \u00e9 projetada para ser utilizada em tratamento de trincas, fissuras, junta de dilata\u00e7\u00e3o e veda\u00e7\u00e3o de esquadrias. Para completar, ela tamb\u00e9m pode ser utilizada como cola para diversos substratos.<\/p>\n","protected":false},"featured_media":2818,"comment_status":"open","ping_status":"closed","template":"","meta":{"ocean_post_layout":"right-sidebar","ocean_both_sidebars_style":"","ocean_both_sidebars_content_width":0,"ocean_both_sidebars_sidebars_width":0,"ocean_sidebar":"ocs-menu-loja","ocean_second_sidebar":"0","ocean_disable_margins":"on","ocean_add_body_class":"","ocean_shortcode_before_top_bar":"","ocean_shortcode_after_top_bar":"","ocean_shortcode_before_header":"","ocean_shortcode_after_header":"","ocean_has_shortcode":"","ocean_shortcode_after_title":"","ocean_shortcode_before_footer_widgets":"","ocean_shortcode_after_footer_widgets":"","ocean_shortcode_before_footer_bottom":"","ocean_shortcode_after_footer_bottom":"","ocean_display_top_bar":"off","ocean_display_header":"default","ocean_header_style":"custom","ocean_center_header_left_menu":"0","ocean_custom_header_template":"","ocean_custom_logo":0,"ocean_custom_retina_logo":0,"ocean_custom_logo_max_width":0,"ocean_custom_logo_tablet_max_width":0,"ocean_custom_logo_mobile_max_width":0,"ocean_custom_logo_max_height":0,"ocean_custom_logo_tablet_max_height":0,"ocean_custom_logo_mobile_max_height":0,"ocean_header_custom_menu":"0","ocean_menu_typo_font_family":"0","ocean_menu_typo_font_subset":"","ocean_menu_typo_font_size":0,"ocean_menu_typo_font_size_tablet":0,"ocean_menu_typo_font_size_mobile":0,"ocean_menu_typo_font_size_unit":"px","ocean_menu_typo_font_weight":"","ocean_menu_typo_font_weight_tablet":"","ocean_menu_typo_font_weight_mobile":"","ocean_menu_typo_transform":"","ocean_menu_typo_transform_tablet":"","ocean_menu_typo_transform_mobile":"","ocean_menu_typo_line_height":0,"ocean_menu_typo_line_height_tablet":0,"ocean_menu_typo_line_height_mobile":0,"ocean_menu_typo_line_height_unit":"","ocean_menu_typo_spacing":0,"ocean_menu_typo_spacing_tablet":0,"ocean_menu_typo_spacing_mobile":0,"ocean_menu_typo_spacing_unit":"","ocean_menu_link_color":"","ocean_menu_link_color_hover":"","ocean_menu_link_color_active":"","ocean_menu_link_background":"","ocean_menu_link_hover_background":"","ocean_menu_link_active_background":"","ocean_menu_social_links_bg":"","ocean_menu_social_hover_links_bg":"","ocean_menu_social_links_color":"","ocean_menu_social_hover_links_color":"","ocean_disable_title":"enable","ocean_disable_heading":"on","ocean_post_title":"","ocean_post_subheading":"","ocean_post_title_style":"","ocean_post_title_background_color":"","ocean_post_title_background":0,"ocean_post_title_bg_image_position":"","ocean_post_title_bg_image_attachment":"","ocean_post_title_bg_image_repeat":"","ocean_post_title_bg_image_size":"","ocean_post_title_height":0,"ocean_post_title_bg_overlay":0.5,"ocean_post_title_bg_overlay_color":"","ocean_disable_breadcrumbs":"default","ocean_breadcrumbs_color":"","ocean_breadcrumbs_separator_color":"","ocean_breadcrumbs_links_color":"","ocean_breadcrumbs_links_hover_color":"","ocean_display_footer_widgets":"default","ocean_display_footer_bottom":"default","ocean_custom_footer_template":"0","omw_enable_modal_window":"enable"},"product_brand":[],"product_cat":[20,24],"product_tag":[],"class_list":{"0":"post-778","1":"product","2":"type-product","3":"status-publish","4":"has-post-thumbnail","6":"product_cat-novidades","7":"product_cat-vedantes","9":"entry","10":"has-media","12":"first","13":"instock","14":"shipping-taxable","15":"purchasable","16":"product-type-variable","17":"col","18":"span_1_of_4","19":"owp-content-center","20":"owp-thumbs-layout-horizontal","21":"owp-btn-very-big","22":"owp-tabs-layout-vertical","23":"has-no-thumbnails","24":"circle-sale"},"yoast_head":"<!-- This site is optimized with the Yoast SEO plugin v27.4 - https:\/\/yoast.com\/product\/yoast-seo-wordpress\/ -->\n<title>Juntacril - Selante Acr\u00edlico para Tratamento de Trincas Fissuras Veda\u00e7\u00e3o<\/title>\n<meta name=\"description\" content=\"Juntacril \u00e9 um selante m\u00e1stique (resina) acr\u00edlico extremamente flex\u00edvel, desenvolvida para ter uma \u00f3tima fixa\u00e7\u00e3o. Sua formula \u00e9 projetada para ser utilizada em tratamento de trincas, fissuras, junta de dilata\u00e7\u00e3o e veda\u00e7\u00e3o de esquadrias. Para completar, ela tamb\u00e9m pode ser utilizada como cola para diversos substratos.\" \/>\n<meta name=\"robots\" content=\"index, follow, max-snippet:-1, max-image-preview:large, max-video-preview:-1\" \/>\n<link rel=\"canonical\" href=\"https:\/\/revescor.com.br\/site\/produto\/novidades\/juntacril-selante-acrilico-para-tratamento-de-trincas-fissuras-e-vedacao\/\" \/>\n<meta property=\"og:locale\" content=\"pt_BR\" \/>\n<meta property=\"og:type\" content=\"article\" \/>\n<meta property=\"og:title\" content=\"Juntacril - Selante Acr\u00edlico para Tratamento de Trincas Fissuras Veda\u00e7\u00e3o\" \/>\n<meta property=\"og:description\" content=\"Juntacril \u00e9 um selante m\u00e1stique (resina) acr\u00edlico extremamente flex\u00edvel, desenvolvida para ter uma \u00f3tima fixa\u00e7\u00e3o. Sua formula \u00e9 projetada para ser utilizada em tratamento de trincas, fissuras, junta de dilata\u00e7\u00e3o e veda\u00e7\u00e3o de esquadrias. Para completar, ela tamb\u00e9m pode ser utilizada como cola para diversos substratos.\" \/>\n<meta property=\"og:url\" content=\"https:\/\/revescor.com.br\/site\/produto\/novidades\/juntacril-selante-acrilico-para-tratamento-de-trincas-fissuras-e-vedacao\/\" \/>\n<meta property=\"og:site_name\" content=\"Revescor - Tintas, Texturas, Grafiatos e Acess\u00f3rios\" \/>\n<meta property=\"article:modified_time\" content=\"2025-08-19T16:12:08+00:00\" \/>\n<meta property=\"og:image\" content=\"https:\/\/revescor.com.br\/site\/wp-content\/uploads\/2018\/04\/baldes_revescor_08.png\" \/>\n\t<meta property=\"og:image:width\" content=\"674\" \/>\n\t<meta property=\"og:image:height\" content=\"1011\" \/>\n\t<meta property=\"og:image:type\" content=\"image\/png\" \/>\n<meta name=\"twitter:card\" content=\"summary_large_image\" \/>\n<meta name=\"twitter:label1\" content=\"Est. tempo de leitura\" \/>\n\t<meta name=\"twitter:data1\" content=\"2 minutos\" \/>\n<script type=\"application\/ld+json\" class=\"yoast-schema-graph\">{\"@context\":\"https:\\\/\\\/schema.org\",\"@graph\":[{\"@type\":\"WebPage\",\"@id\":\"https:\\\/\\\/revescor.com.br\\\/site\\\/produto\\\/novidades\\\/juntacril-selante-acrilico-para-tratamento-de-trincas-fissuras-e-vedacao\\\/\",\"url\":\"https:\\\/\\\/revescor.com.br\\\/site\\\/produto\\\/novidades\\\/juntacril-selante-acrilico-para-tratamento-de-trincas-fissuras-e-vedacao\\\/\",\"name\":\"Juntacril - Selante Acr\u00edlico para Tratamento de Trincas Fissuras Veda\u00e7\u00e3o\",\"isPartOf\":{\"@id\":\"https:\\\/\\\/revescor.com.br\\\/site\\\/#website\"},\"primaryImageOfPage\":{\"@id\":\"https:\\\/\\\/revescor.com.br\\\/site\\\/produto\\\/novidades\\\/juntacril-selante-acrilico-para-tratamento-de-trincas-fissuras-e-vedacao\\\/#primaryimage\"},\"image\":{\"@id\":\"https:\\\/\\\/revescor.com.br\\\/site\\\/produto\\\/novidades\\\/juntacril-selante-acrilico-para-tratamento-de-trincas-fissuras-e-vedacao\\\/#primaryimage\"},\"thumbnailUrl\":\"https:\\\/\\\/revescor.com.br\\\/site\\\/wp-content\\\/uploads\\\/2018\\\/04\\\/baldes_revescor_08.png\",\"datePublished\":\"2018-04-20T19:47:48+00:00\",\"dateModified\":\"2025-08-19T16:12:08+00:00\",\"description\":\"Juntacril \u00e9 um selante m\u00e1stique (resina) acr\u00edlico extremamente flex\u00edvel, desenvolvida para ter uma \u00f3tima fixa\u00e7\u00e3o. Sua formula \u00e9 projetada para ser utilizada em tratamento de trincas, fissuras, junta de dilata\u00e7\u00e3o e veda\u00e7\u00e3o de esquadrias. Para completar, ela tamb\u00e9m pode ser utilizada como cola para diversos substratos.\",\"breadcrumb\":{\"@id\":\"https:\\\/\\\/revescor.com.br\\\/site\\\/produto\\\/novidades\\\/juntacril-selante-acrilico-para-tratamento-de-trincas-fissuras-e-vedacao\\\/#breadcrumb\"},\"inLanguage\":\"pt-BR\",\"potentialAction\":[{\"@type\":\"ReadAction\",\"target\":[\"https:\\\/\\\/revescor.com.br\\\/site\\\/produto\\\/novidades\\\/juntacril-selante-acrilico-para-tratamento-de-trincas-fissuras-e-vedacao\\\/\"]}]},{\"@type\":\"ImageObject\",\"inLanguage\":\"pt-BR\",\"@id\":\"https:\\\/\\\/revescor.com.br\\\/site\\\/produto\\\/novidades\\\/juntacril-selante-acrilico-para-tratamento-de-trincas-fissuras-e-vedacao\\\/#primaryimage\",\"url\":\"https:\\\/\\\/revescor.com.br\\\/site\\\/wp-content\\\/uploads\\\/2018\\\/04\\\/baldes_revescor_08.png\",\"contentUrl\":\"https:\\\/\\\/revescor.com.br\\\/site\\\/wp-content\\\/uploads\\\/2018\\\/04\\\/baldes_revescor_08.png\",\"width\":674,\"height\":1011},{\"@type\":\"BreadcrumbList\",\"@id\":\"https:\\\/\\\/revescor.com.br\\\/site\\\/produto\\\/novidades\\\/juntacril-selante-acrilico-para-tratamento-de-trincas-fissuras-e-vedacao\\\/#breadcrumb\",\"itemListElement\":[{\"@type\":\"ListItem\",\"position\":1,\"name\":\"In\u00edcio\",\"item\":\"https:\\\/\\\/revescor.com.br\\\/site\\\/\"},{\"@type\":\"ListItem\",\"position\":2,\"name\":\"Loja\",\"item\":\"https:\\\/\\\/revescor.com.br\\\/site\\\/loja\\\/\"},{\"@type\":\"ListItem\",\"position\":3,\"name\":\"Novidades\",\"item\":\"https:\\\/\\\/revescor.com.br\\\/site\\\/categoria-produto\\\/novidades\\\/\"},{\"@type\":\"ListItem\",\"position\":4,\"name\":\"Juntacril \u2013 Selante Acr\u00edlico para Tratamento de Trincas Fissuras e Veda\u00e7\u00e3o\"}]},{\"@type\":\"WebSite\",\"@id\":\"https:\\\/\\\/revescor.com.br\\\/site\\\/#website\",\"url\":\"https:\\\/\\\/revescor.com.br\\\/site\\\/\",\"name\":\"Revescor - Tintas, Texturas, Grafiatos e Acess\u00f3rios\",\"description\":\"A Revescor, com 20 anos de tradi\u00e7\u00e3o, \u00e9 especializada em texturas e grafiatos, assumimos a qualidade. Nossa equipe \u00e9 treinada para solucionar seus problemas.\",\"publisher\":{\"@id\":\"https:\\\/\\\/revescor.com.br\\\/site\\\/#organization\"},\"potentialAction\":[{\"@type\":\"SearchAction\",\"target\":{\"@type\":\"EntryPoint\",\"urlTemplate\":\"https:\\\/\\\/revescor.com.br\\\/site\\\/?s={search_term_string}\"},\"query-input\":{\"@type\":\"PropertyValueSpecification\",\"valueRequired\":true,\"valueName\":\"search_term_string\"}}],\"inLanguage\":\"pt-BR\"},{\"@type\":\"Organization\",\"@id\":\"https:\\\/\\\/revescor.com.br\\\/site\\\/#organization\",\"name\":\"REVESCOR INDUSTRIA E COMERCIO LTDA\",\"url\":\"https:\\\/\\\/revescor.com.br\\\/site\\\/\",\"logo\":{\"@type\":\"ImageObject\",\"inLanguage\":\"pt-BR\",\"@id\":\"https:\\\/\\\/revescor.com.br\\\/site\\\/#\\\/schema\\\/logo\\\/image\\\/\",\"url\":\"https:\\\/\\\/revescor.com.br\\\/site\\\/wp-content\\\/uploads\\\/2018\\\/06\\\/navbar-logo.png\",\"contentUrl\":\"https:\\\/\\\/revescor.com.br\\\/site\\\/wp-content\\\/uploads\\\/2018\\\/06\\\/navbar-logo.png\",\"width\":195,\"height\":36,\"caption\":\"REVESCOR INDUSTRIA E COMERCIO LTDA\"},\"image\":{\"@id\":\"https:\\\/\\\/revescor.com.br\\\/site\\\/#\\\/schema\\\/logo\\\/image\\\/\"}}]}<\/script>\n<!-- \/ Yoast SEO plugin. -->","yoast_head_json":{"title":"Juntacril - Selante Acr\u00edlico para Tratamento de Trincas Fissuras Veda\u00e7\u00e3o","description":"Juntacril \u00e9 um selante m\u00e1stique (resina) acr\u00edlico extremamente flex\u00edvel, desenvolvida para ter uma \u00f3tima fixa\u00e7\u00e3o. Sua formula \u00e9 projetada para ser utilizada em tratamento de trincas, fissuras, junta de dilata\u00e7\u00e3o e veda\u00e7\u00e3o de esquadrias. Para completar, ela tamb\u00e9m pode ser utilizada como cola para diversos substratos.","robots":{"index":"index","follow":"follow","max-snippet":"max-snippet:-1","max-image-preview":"max-image-preview:large","max-video-preview":"max-video-preview:-1"},"canonical":"https:\/\/revescor.com.br\/site\/produto\/novidades\/juntacril-selante-acrilico-para-tratamento-de-trincas-fissuras-e-vedacao\/","og_locale":"pt_BR","og_type":"article","og_title":"Juntacril - Selante Acr\u00edlico para Tratamento de Trincas Fissuras Veda\u00e7\u00e3o","og_description":"Juntacril \u00e9 um selante m\u00e1stique (resina) acr\u00edlico extremamente flex\u00edvel, desenvolvida para ter uma \u00f3tima fixa\u00e7\u00e3o. Sua formula \u00e9 projetada para ser utilizada em tratamento de trincas, fissuras, junta de dilata\u00e7\u00e3o e veda\u00e7\u00e3o de esquadrias. Para completar, ela tamb\u00e9m pode ser utilizada como cola para diversos substratos.","og_url":"https:\/\/revescor.com.br\/site\/produto\/novidades\/juntacril-selante-acrilico-para-tratamento-de-trincas-fissuras-e-vedacao\/","og_site_name":"Revescor - Tintas, Texturas, Grafiatos e Acess\u00f3rios","article_modified_time":"2025-08-19T16:12:08+00:00","og_image":[{"width":674,"height":1011,"url":"https:\/\/revescor.com.br\/site\/wp-content\/uploads\/2018\/04\/baldes_revescor_08.png","type":"image\/png"}],"twitter_card":"summary_large_image","twitter_misc":{"Est. tempo de leitura":"2 minutos"},"schema":{"@context":"https:\/\/schema.org","@graph":[{"@type":"WebPage","@id":"https:\/\/revescor.com.br\/site\/produto\/novidades\/juntacril-selante-acrilico-para-tratamento-de-trincas-fissuras-e-vedacao\/","url":"https:\/\/revescor.com.br\/site\/produto\/novidades\/juntacril-selante-acrilico-para-tratamento-de-trincas-fissuras-e-vedacao\/","name":"Juntacril - Selante Acr\u00edlico para Tratamento de Trincas Fissuras Veda\u00e7\u00e3o","isPartOf":{"@id":"https:\/\/revescor.com.br\/site\/#website"},"primaryImageOfPage":{"@id":"https:\/\/revescor.com.br\/site\/produto\/novidades\/juntacril-selante-acrilico-para-tratamento-de-trincas-fissuras-e-vedacao\/#primaryimage"},"image":{"@id":"https:\/\/revescor.com.br\/site\/produto\/novidades\/juntacril-selante-acrilico-para-tratamento-de-trincas-fissuras-e-vedacao\/#primaryimage"},"thumbnailUrl":"https:\/\/revescor.com.br\/site\/wp-content\/uploads\/2018\/04\/baldes_revescor_08.png","datePublished":"2018-04-20T19:47:48+00:00","dateModified":"2025-08-19T16:12:08+00:00","description":"Juntacril \u00e9 um selante m\u00e1stique (resina) acr\u00edlico extremamente flex\u00edvel, desenvolvida para ter uma \u00f3tima fixa\u00e7\u00e3o. Sua formula \u00e9 projetada para ser utilizada em tratamento de trincas, fissuras, junta de dilata\u00e7\u00e3o e veda\u00e7\u00e3o de esquadrias. Para completar, ela tamb\u00e9m pode ser utilizada como cola para diversos substratos.","breadcrumb":{"@id":"https:\/\/revescor.com.br\/site\/produto\/novidades\/juntacril-selante-acrilico-para-tratamento-de-trincas-fissuras-e-vedacao\/#breadcrumb"},"inLanguage":"pt-BR","potentialAction":[{"@type":"ReadAction","target":["https:\/\/revescor.com.br\/site\/produto\/novidades\/juntacril-selante-acrilico-para-tratamento-de-trincas-fissuras-e-vedacao\/"]}]},{"@type":"ImageObject","inLanguage":"pt-BR","@id":"https:\/\/revescor.com.br\/site\/produto\/novidades\/juntacril-selante-acrilico-para-tratamento-de-trincas-fissuras-e-vedacao\/#primaryimage","url":"https:\/\/revescor.com.br\/site\/wp-content\/uploads\/2018\/04\/baldes_revescor_08.png","contentUrl":"https:\/\/revescor.com.br\/site\/wp-content\/uploads\/2018\/04\/baldes_revescor_08.png","width":674,"height":1011},{"@type":"BreadcrumbList","@id":"https:\/\/revescor.com.br\/site\/produto\/novidades\/juntacril-selante-acrilico-para-tratamento-de-trincas-fissuras-e-vedacao\/#breadcrumb","itemListElement":[{"@type":"ListItem","position":1,"name":"In\u00edcio","item":"https:\/\/revescor.com.br\/site\/"},{"@type":"ListItem","position":2,"name":"Loja","item":"https:\/\/revescor.com.br\/site\/loja\/"},{"@type":"ListItem","position":3,"name":"Novidades","item":"https:\/\/revescor.com.br\/site\/categoria-produto\/novidades\/"},{"@type":"ListItem","position":4,"name":"Juntacril \u2013 Selante Acr\u00edlico para Tratamento de Trincas Fissuras e Veda\u00e7\u00e3o"}]},{"@type":"WebSite","@id":"https:\/\/revescor.com.br\/site\/#website","url":"https:\/\/revescor.com.br\/site\/","name":"Revescor - Tintas, Texturas, Grafiatos e Acess\u00f3rios","description":"A Revescor, com 20 anos de tradi\u00e7\u00e3o, \u00e9 especializada em texturas e grafiatos, assumimos a qualidade. Nossa equipe \u00e9 treinada para solucionar seus problemas.","publisher":{"@id":"https:\/\/revescor.com.br\/site\/#organization"},"potentialAction":[{"@type":"SearchAction","target":{"@type":"EntryPoint","urlTemplate":"https:\/\/revescor.com.br\/site\/?s={search_term_string}"},"query-input":{"@type":"PropertyValueSpecification","valueRequired":true,"valueName":"search_term_string"}}],"inLanguage":"pt-BR"},{"@type":"Organization","@id":"https:\/\/revescor.com.br\/site\/#organization","name":"REVESCOR INDUSTRIA E COMERCIO LTDA","url":"https:\/\/revescor.com.br\/site\/","logo":{"@type":"ImageObject","inLanguage":"pt-BR","@id":"https:\/\/revescor.com.br\/site\/#\/schema\/logo\/image\/","url":"https:\/\/revescor.com.br\/site\/wp-content\/uploads\/2018\/06\/navbar-logo.png","contentUrl":"https:\/\/revescor.com.br\/site\/wp-content\/uploads\/2018\/06\/navbar-logo.png","width":195,"height":36,"caption":"REVESCOR INDUSTRIA E COMERCIO LTDA"},"image":{"@id":"https:\/\/revescor.com.br\/site\/#\/schema\/logo\/image\/"}}]}},"_links":{"self":[{"href":"https:\/\/revescor.com.br\/site\/wp-json\/wp\/v2\/product\/778","targetHints":{"allow":["GET"]}}],"collection":[{"href":"https:\/\/revescor.com.br\/site\/wp-json\/wp\/v2\/product"}],"about":[{"href":"https:\/\/revescor.com.br\/site\/wp-json\/wp\/v2\/types\/product"}],"replies":[{"embeddable":true,"href":"https:\/\/revescor.com.br\/site\/wp-json\/wp\/v2\/comments?post=778"}],"version-history":[{"count":18,"href":"https:\/\/revescor.com.br\/site\/wp-json\/wp\/v2\/product\/778\/revisions"}],"predecessor-version":[{"id":1169,"href":"https:\/\/revescor.com.br\/site\/wp-json\/wp\/v2\/product\/778\/revisions\/1169"}],"wp:featuredmedia":[{"embeddable":true,"href":"https:\/\/revescor.com.br\/site\/wp-json\/wp\/v2\/media\/2818"}],"wp:attachment":[{"href":"https:\/\/revescor.com.br\/site\/wp-json\/wp\/v2\/media?parent=778"}],"wp:term":[{"taxonomy":"product_brand","embeddable":true,"href":"https:\/\/revescor.com.br\/site\/wp-json\/wp\/v2\/product_brand?post=778"},{"taxonomy":"product_cat","embeddable":true,"href":"https:\/\/revescor.com.br\/site\/wp-json\/wp\/v2\/product_cat?post=778"},{"taxonomy":"product_tag","embeddable":true,"href":"https:\/\/revescor.com.br\/site\/wp-json\/wp\/v2\/product_tag?post=778"}],"curies":[{"name":"wp","href":"https:\/\/api.w.org\/{rel}","templated":true}]}}